{"id":23,"date":"2015-05-19T15:47:09","date_gmt":"2015-05-19T13:47:09","guid":{"rendered":"http:\/\/dtlw.detmolder-loeffelweise.de\/?page_id=23"},"modified":"2026-05-12T07:18:55","modified_gmt":"2026-05-12T05:18:55","slug":"speisekarte","status":"publish","type":"page","link":"https:\/\/detmolder-loeffelweise.de\/index.php\/speisekarte\/","title":{"rendered":"Speisekarte"},"content":{"rendered":"<h1>Die<span style=\"color: #ff0000;\"> L\u00f6ffelgerichte<\/span> dieser Woche<\/h1>\n<h6 style=\"text-align: left;\"><span style=\"font-family: arial, helvetica, sans-serif; font-size: 12pt;\"><span class=\"xr_s6\">J<\/span><\/span><span style=\"font-family: arial, helvetica, sans-serif; font-size: 12pt;\"><span class=\"xr_s6\">ede Woche<\/span><span class=\"xr_s7\">&nbsp;eine neue<\/span><span class=\"xr_s6\">&nbsp;Auswahl<\/span> <span class=\"xr_s6\">frisch hergestellter<\/span><span class=\"xr_s7\"> L\u00f6ffelgerichte &#8211; unsere Speisekarte.<\/span><\/span><\/h6>\n<h6>&nbsp;<\/h6>\n<h6 style=\"text-align: center;\"><span style=\"font-family: arial, helvetica, sans-serif; font-size: 12pt;\"><span style=\"font-size: 14pt;\"><a title=\"Aktuelle Karte zum Download!\" href=\"https:\/\/detmolder-loeffelweise.de\/wp-content\/uploads\/2026\/05\/DT_LW_20_26.pdf\" rel=\"noopener noreferrer\">PDF-Download der aktuellen Karte<\/a><\/span><\/span><\/h6>\n<p><img loading=\"lazy\" decoding=\"async\" class=\"aligncenter wp-image-4632 size-full\" src=\"https:\/\/detmolder-loeffelweise.de\/wp-content\/uploads\/2026\/05\/DT_LW_20_26-scaled.jpg\" alt=\"Speisekarte\" width=\"1381\" height=\"2560\" srcset=\"https:\/\/detmolder-loeffelweise.de\/wp-content\/uploads\/2026\/05\/DT_LW_20_26-scaled.jpg 1381w, https:\/\/detmolder-loeffelweise.de\/wp-content\/uploads\/2026\/05\/DT_LW_20_26-162x300.jpg 162w, https:\/\/detmolder-loeffelweise.de\/wp-content\/uploads\/2026\/05\/DT_LW_20_26-552x1024.jpg 552w, https:\/\/detmolder-loeffelweise.de\/wp-content\/uploads\/2026\/05\/DT_LW_20_26-768x1424.jpg 768w, https:\/\/detmolder-loeffelweise.de\/wp-content\/uploads\/2026\/05\/DT_LW_20_26-829x1536.jpg 829w, https:\/\/detmolder-loeffelweise.de\/wp-content\/uploads\/2026\/05\/DT_LW_20_26-1105x2048.jpg 1105w\" sizes=\"auto, (max-width: 1381px) 100vw, 1381px\" \/><\/p>\n<p>&nbsp;<\/p>\n<p><span style=\"font-family: arial, helvetica, sans-serif; font-size: 8pt;\"><a href=\"https:\/\/detmolder-pfeffersaeckchen.de\/\"><strong>\u00c4nderungen vorbehalten!<\/strong> &nbsp;<\/a>&nbsp;<\/span><\/p>\n<p>&nbsp;<\/p>\n","protected":false},"excerpt":{"rendered":"<p>Die L\u00f6ffelgerichte dieser Woche Jede Woche&nbsp;eine neue&nbsp;Auswahl frisch hergestellter L\u00f6ffelgerichte &#8211; unsere Speisekarte. &nbsp; PDF-Download der aktuellen Karte &nbsp; \u00c4nderungen vorbehalten! &nbsp;&nbsp; &nbsp;<\/p>\n","protected":false},"author":9,"featured_media":0,"parent":0,"menu_order":1,"comment_status":"closed","ping_status":"closed","template":"","meta":{"_monsterinsights_skip_tracking":false,"_monsterinsights_sitenote_active":false,"_monsterinsights_sitenote_note":"","_monsterinsights_sitenote_category":0,"ngg_post_thumbnail":0,"footnotes":""},"class_list":["post-23","page","type-page","status-publish","hentry"],"yoast_head":"<!-- This site is optimized with the Yoast SEO plugin v27.6 - https:\/\/yoast.com\/product\/yoast-seo-wordpress\/ -->\n<title>Unsere Speisekarte<\/title>\n<meta name=\"description\" content=\"Jede Woche eine neue Auswahl von sechs frisch hergestellten L\u00f6ffelgerichten. Nat\u00fcrlich gibt es auch immer vegetarische und vegane L\u00f6ffelgerichte.\" \/>\n<meta name=\"robots\" content=\"index, follow, max-snippet:-1, max-image-preview:large, max-video-preview:-1\" \/>\n<link rel=\"canonical\" href=\"https:\/\/detmolder-loeffelweise.de\/index.php\/speisekarte\/\" \/>\n<meta property=\"og:locale\" content=\"de_DE\" \/>\n<meta property=\"og:type\" content=\"article\" \/>\n<meta property=\"og:title\" content=\"Unsere Speisekarte\" \/>\n<meta property=\"og:description\" content=\"Jede Woche eine neue Auswahl von sechs frisch hergestellten L\u00f6ffelgerichten. Nat\u00fcrlich gibt es auch immer vegetarische und vegane L\u00f6ffelgerichte.\" \/>\n<meta property=\"og:url\" content=\"https:\/\/detmolder-loeffelweise.de\/index.php\/speisekarte\/\" \/>\n<meta property=\"article:publisher\" content=\"https:\/\/www.facebook.com\/Detmolder.Loeffelweise\" \/>\n<meta property=\"article:modified_time\" content=\"2026-05-12T05:18:55+00:00\" \/>\n<meta property=\"og:image\" content=\"https:\/\/detmolder-loeffelweise.de\/wp-content\/uploads\/2026\/05\/DT_LW_20_26-scaled.jpg\" \/>\n\t<meta property=\"og:image:width\" content=\"1381\" \/>\n\t<meta property=\"og:image:height\" content=\"2560\" \/>\n\t<meta property=\"og:image:type\" content=\"image\/jpeg\" \/>\n<meta name=\"twitter:card\" content=\"summary_large_image\" \/>\n<meta name=\"twitter:label1\" content=\"Gesch\u00e4tzte Lesezeit\" \/>\n\t<meta name=\"twitter:data1\" content=\"1\u00a0Minute\" \/>\n<script type=\"application\/ld+json\" class=\"yoast-schema-graph\">{\"@context\":\"https:\\\/\\\/schema.org\",\"@graph\":[{\"@type\":\"WebPage\",\"@id\":\"https:\\\/\\\/detmolder-loeffelweise.de\\\/index.php\\\/speisekarte\\\/\",\"url\":\"https:\\\/\\\/detmolder-loeffelweise.de\\\/index.php\\\/speisekarte\\\/\",\"name\":\"Unsere Speisekarte\",\"isPartOf\":{\"@id\":\"https:\\\/\\\/detmolder-loeffelweise.de\\\/#website\"},\"primaryImageOfPage\":{\"@id\":\"https:\\\/\\\/detmolder-loeffelweise.de\\\/index.php\\\/speisekarte\\\/#primaryimage\"},\"image\":{\"@id\":\"https:\\\/\\\/detmolder-loeffelweise.de\\\/index.php\\\/speisekarte\\\/#primaryimage\"},\"thumbnailUrl\":\"https:\\\/\\\/detmolder-loeffelweise.de\\\/wp-content\\\/uploads\\\/2026\\\/05\\\/DT_LW_20_26-scaled.jpg\",\"datePublished\":\"2015-05-19T13:47:09+00:00\",\"dateModified\":\"2026-05-12T05:18:55+00:00\",\"description\":\"Jede Woche eine neue Auswahl von sechs frisch hergestellten L\u00f6ffelgerichten. Nat\u00fcrlich gibt es auch immer vegetarische und vegane L\u00f6ffelgerichte.\",\"breadcrumb\":{\"@id\":\"https:\\\/\\\/detmolder-loeffelweise.de\\\/index.php\\\/speisekarte\\\/#breadcrumb\"},\"inLanguage\":\"de\",\"potentialAction\":[{\"@type\":\"ReadAction\",\"target\":[\"https:\\\/\\\/detmolder-loeffelweise.de\\\/index.php\\\/speisekarte\\\/\"]}]},{\"@type\":\"ImageObject\",\"inLanguage\":\"de\",\"@id\":\"https:\\\/\\\/detmolder-loeffelweise.de\\\/index.php\\\/speisekarte\\\/#primaryimage\",\"url\":\"https:\\\/\\\/detmolder-loeffelweise.de\\\/wp-content\\\/uploads\\\/2026\\\/05\\\/DT_LW_20_26-scaled.jpg\",\"contentUrl\":\"https:\\\/\\\/detmolder-loeffelweise.de\\\/wp-content\\\/uploads\\\/2026\\\/05\\\/DT_LW_20_26-scaled.jpg\",\"width\":1381,\"height\":2560,\"caption\":\"Speisekarte\"},{\"@type\":\"BreadcrumbList\",\"@id\":\"https:\\\/\\\/detmolder-loeffelweise.de\\\/index.php\\\/speisekarte\\\/#breadcrumb\",\"itemListElement\":[{\"@type\":\"ListItem\",\"position\":1,\"name\":\"Startseite\",\"item\":\"https:\\\/\\\/detmolder-loeffelweise.de\\\/\"},{\"@type\":\"ListItem\",\"position\":2,\"name\":\"Speisekarte\"}]},{\"@type\":\"WebSite\",\"@id\":\"https:\\\/\\\/detmolder-loeffelweise.de\\\/#website\",\"url\":\"https:\\\/\\\/detmolder-loeffelweise.de\\\/\",\"name\":\"Detmolder L\u00f6ffelweise\",\"description\":\"\",\"publisher\":{\"@id\":\"https:\\\/\\\/detmolder-loeffelweise.de\\\/#organization\"},\"potentialAction\":[{\"@type\":\"SearchAction\",\"target\":{\"@type\":\"EntryPoint\",\"urlTemplate\":\"https:\\\/\\\/detmolder-loeffelweise.de\\\/?s={search_term_string}\"},\"query-input\":{\"@type\":\"PropertyValueSpecification\",\"valueRequired\":true,\"valueName\":\"search_term_string\"}}],\"inLanguage\":\"de\"},{\"@type\":\"Organization\",\"@id\":\"https:\\\/\\\/detmolder-loeffelweise.de\\\/#organization\",\"name\":\"Detmolder L\u00f6ffelweise\",\"url\":\"https:\\\/\\\/detmolder-loeffelweise.de\\\/\",\"logo\":{\"@type\":\"ImageObject\",\"inLanguage\":\"de\",\"@id\":\"https:\\\/\\\/detmolder-loeffelweise.de\\\/#\\\/schema\\\/logo\\\/image\\\/\",\"url\":\"https:\\\/\\\/detmolder-loeffelweise.de\\\/wp-content\\\/uploads\\\/2019\\\/12\\\/cropped-LOGO_DTLW.png\",\"contentUrl\":\"https:\\\/\\\/detmolder-loeffelweise.de\\\/wp-content\\\/uploads\\\/2019\\\/12\\\/cropped-LOGO_DTLW.png\",\"width\":655,\"height\":105,\"caption\":\"Detmolder L\u00f6ffelweise\"},\"image\":{\"@id\":\"https:\\\/\\\/detmolder-loeffelweise.de\\\/#\\\/schema\\\/logo\\\/image\\\/\"},\"sameAs\":[\"https:\\\/\\\/www.facebook.com\\\/Detmolder.Loeffelweise\",\"https:\\\/\\\/instagram.com\\\/detmolderloeffelweise\\\/\"]}]}<\/script>\n<!-- \/ Yoast SEO plugin. -->","yoast_head_json":{"title":"Unsere Speisekarte","description":"Jede Woche eine neue Auswahl von sechs frisch hergestellten L\u00f6ffelgerichten. Nat\u00fcrlich gibt es auch immer vegetarische und vegane L\u00f6ffelgerichte.","robots":{"index":"index","follow":"follow","max-snippet":"max-snippet:-1","max-image-preview":"max-image-preview:large","max-video-preview":"max-video-preview:-1"},"canonical":"https:\/\/detmolder-loeffelweise.de\/index.php\/speisekarte\/","og_locale":"de_DE","og_type":"article","og_title":"Unsere Speisekarte","og_description":"Jede Woche eine neue Auswahl von sechs frisch hergestellten L\u00f6ffelgerichten. Nat\u00fcrlich gibt es auch immer vegetarische und vegane L\u00f6ffelgerichte.","og_url":"https:\/\/detmolder-loeffelweise.de\/index.php\/speisekarte\/","article_publisher":"https:\/\/www.facebook.com\/Detmolder.Loeffelweise","article_modified_time":"2026-05-12T05:18:55+00:00","og_image":[{"width":1381,"height":2560,"url":"https:\/\/detmolder-loeffelweise.de\/wp-content\/uploads\/2026\/05\/DT_LW_20_26-scaled.jpg","type":"image\/jpeg"}],"twitter_card":"summary_large_image","twitter_misc":{"Gesch\u00e4tzte Lesezeit":"1\u00a0Minute"},"schema":{"@context":"https:\/\/schema.org","@graph":[{"@type":"WebPage","@id":"https:\/\/detmolder-loeffelweise.de\/index.php\/speisekarte\/","url":"https:\/\/detmolder-loeffelweise.de\/index.php\/speisekarte\/","name":"Unsere Speisekarte","isPartOf":{"@id":"https:\/\/detmolder-loeffelweise.de\/#website"},"primaryImageOfPage":{"@id":"https:\/\/detmolder-loeffelweise.de\/index.php\/speisekarte\/#primaryimage"},"image":{"@id":"https:\/\/detmolder-loeffelweise.de\/index.php\/speisekarte\/#primaryimage"},"thumbnailUrl":"https:\/\/detmolder-loeffelweise.de\/wp-content\/uploads\/2026\/05\/DT_LW_20_26-scaled.jpg","datePublished":"2015-05-19T13:47:09+00:00","dateModified":"2026-05-12T05:18:55+00:00","description":"Jede Woche eine neue Auswahl von sechs frisch hergestellten L\u00f6ffelgerichten. Nat\u00fcrlich gibt es auch immer vegetarische und vegane L\u00f6ffelgerichte.","breadcrumb":{"@id":"https:\/\/detmolder-loeffelweise.de\/index.php\/speisekarte\/#breadcrumb"},"inLanguage":"de","potentialAction":[{"@type":"ReadAction","target":["https:\/\/detmolder-loeffelweise.de\/index.php\/speisekarte\/"]}]},{"@type":"ImageObject","inLanguage":"de","@id":"https:\/\/detmolder-loeffelweise.de\/index.php\/speisekarte\/#primaryimage","url":"https:\/\/detmolder-loeffelweise.de\/wp-content\/uploads\/2026\/05\/DT_LW_20_26-scaled.jpg","contentUrl":"https:\/\/detmolder-loeffelweise.de\/wp-content\/uploads\/2026\/05\/DT_LW_20_26-scaled.jpg","width":1381,"height":2560,"caption":"Speisekarte"},{"@type":"BreadcrumbList","@id":"https:\/\/detmolder-loeffelweise.de\/index.php\/speisekarte\/#breadcrumb","itemListElement":[{"@type":"ListItem","position":1,"name":"Startseite","item":"https:\/\/detmolder-loeffelweise.de\/"},{"@type":"ListItem","position":2,"name":"Speisekarte"}]},{"@type":"WebSite","@id":"https:\/\/detmolder-loeffelweise.de\/#website","url":"https:\/\/detmolder-loeffelweise.de\/","name":"Detmolder L\u00f6ffelweise","description":"","publisher":{"@id":"https:\/\/detmolder-loeffelweise.de\/#organization"},"potentialAction":[{"@type":"SearchAction","target":{"@type":"EntryPoint","urlTemplate":"https:\/\/detmolder-loeffelweise.de\/?s={search_term_string}"},"query-input":{"@type":"PropertyValueSpecification","valueRequired":true,"valueName":"search_term_string"}}],"inLanguage":"de"},{"@type":"Organization","@id":"https:\/\/detmolder-loeffelweise.de\/#organization","name":"Detmolder L\u00f6ffelweise","url":"https:\/\/detmolder-loeffelweise.de\/","logo":{"@type":"ImageObject","inLanguage":"de","@id":"https:\/\/detmolder-loeffelweise.de\/#\/schema\/logo\/image\/","url":"https:\/\/detmolder-loeffelweise.de\/wp-content\/uploads\/2019\/12\/cropped-LOGO_DTLW.png","contentUrl":"https:\/\/detmolder-loeffelweise.de\/wp-content\/uploads\/2019\/12\/cropped-LOGO_DTLW.png","width":655,"height":105,"caption":"Detmolder L\u00f6ffelweise"},"image":{"@id":"https:\/\/detmolder-loeffelweise.de\/#\/schema\/logo\/image\/"},"sameAs":["https:\/\/www.facebook.com\/Detmolder.Loeffelweise","https:\/\/instagram.com\/detmolderloeffelweise\/"]}]}},"_links":{"self":[{"href":"https:\/\/detmolder-loeffelweise.de\/index.php\/wp-json\/wp\/v2\/pages\/23","targetHints":{"allow":["GET"]}}],"collection":[{"href":"https:\/\/detmolder-loeffelweise.de\/index.php\/wp-json\/wp\/v2\/pages"}],"about":[{"href":"https:\/\/detmolder-loeffelweise.de\/index.php\/wp-json\/wp\/v2\/types\/page"}],"author":[{"embeddable":true,"href":"https:\/\/detmolder-loeffelweise.de\/index.php\/wp-json\/wp\/v2\/users\/9"}],"replies":[{"embeddable":true,"href":"https:\/\/detmolder-loeffelweise.de\/index.php\/wp-json\/wp\/v2\/comments?post=23"}],"version-history":[{"count":336,"href":"https:\/\/detmolder-loeffelweise.de\/index.php\/wp-json\/wp\/v2\/pages\/23\/revisions"}],"predecessor-version":[{"id":4634,"href":"https:\/\/detmolder-loeffelweise.de\/index.php\/wp-json\/wp\/v2\/pages\/23\/revisions\/4634"}],"wp:attachment":[{"href":"https:\/\/detmolder-loeffelweise.de\/index.php\/wp-json\/wp\/v2\/media?parent=23"}],"curies":[{"name":"wp","href":"https:\/\/api.w.org\/{rel}","templated":true}]}}