{"id":2947,"date":"2021-02-03T22:16:54","date_gmt":"2021-02-03T21:16:54","guid":{"rendered":"https:\/\/detmolder-loeffelweise.de\/?page_id=2947"},"modified":"2021-03-06T11:43:37","modified_gmt":"2021-03-06T10:43:37","slug":"fernwehglaeser","status":"publish","type":"page","link":"https:\/\/detmolder-loeffelweise.de\/index.php\/fernwehglaeser\/","title":{"rendered":"FERNwehGL\u00c4SER"},"content":{"rendered":"<div id=\"pl-2947\"  class=\"panel-layout\" ><div id=\"pg-2947-0\"  class=\"panel-grid panel-no-style\" ><div id=\"pgc-2947-0-0\"  class=\"panel-grid-cell\" ><div id=\"panel-2947-0-0-0\" class=\"so-panel widget widget_sow-image panel-first-child\" data-index=\"0\" ><div\n\t\t\t\n\t\t\tclass=\"so-widget-sow-image so-widget-sow-image-default-dbf295114b96-2947\"\n\t\t\t\n\t\t>\n<div class=\"sow-image-container\">\n\t\t<img \n\tsrc=\"https:\/\/detmolder-loeffelweise.de\/wp-content\/uploads\/2021\/02\/Fernweh.jpg\" width=\"1098\" height=\"150\" srcset=\"https:\/\/detmolder-loeffelweise.de\/wp-content\/uploads\/2021\/02\/Fernweh.jpg 1098w, https:\/\/detmolder-loeffelweise.de\/wp-content\/uploads\/2021\/02\/Fernweh-300x41.jpg 300w, https:\/\/detmolder-loeffelweise.de\/wp-content\/uploads\/2021\/02\/Fernweh-1024x140.jpg 1024w, https:\/\/detmolder-loeffelweise.de\/wp-content\/uploads\/2021\/02\/Fernweh-768x105.jpg 768w\" sizes=\"(max-width: 1098px) 100vw, 1098px\" alt=\"\" \t\tclass=\"so-widget-image\"\/>\n\t<\/div>\n\n<\/div><\/div><div id=\"panel-2947-0-0-1\" class=\"so-panel widget widget_sow-editor panel-last-child\" data-index=\"1\" ><div\n\t\t\t\n\t\t\tclass=\"so-widget-sow-editor so-widget-sow-editor-base\"\n\t\t\t\n\t\t>\n<div class=\"siteorigin-widget-tinymce textwidget\">\n\t<h6>Jetzt neu im Detmolder L\u00f6ffelweise, unsere<strong>&nbsp;FERN<\/strong><strong>weh<\/strong>GL\u00c4SER, eine kulinarische Reise in ferne Welten&nbsp;im schnuckeligen 500 g Glas f\u00fcr Zuhause.<\/h6>\n<h6>&nbsp;<\/h6>\n<h6>Den Anfang macht unser Captains \u2013 Curry.<\/h6>\n<\/div>\n<\/div><\/div><\/div><\/div><div id=\"pg-2947-1\"  class=\"panel-grid panel-no-style\" ><div id=\"pgc-2947-1-0\"  class=\"panel-grid-cell\" ><div id=\"panel-2947-1-0-0\" class=\"so-panel widget widget_sow-image panel-first-child panel-last-child\" data-index=\"2\" ><div\n\t\t\t\n\t\t\tclass=\"so-widget-sow-image so-widget-sow-image-default-dbf295114b96-2947\"\n\t\t\t\n\t\t>\n<div class=\"sow-image-container\">\n\t\t<img \n\tsrc=\"https:\/\/detmolder-loeffelweise.de\/wp-content\/uploads\/2021\/03\/7dc61d2f-f776-489d-b8b2-f84d90ccb89a.jpg\" width=\"768\" height=\"1024\" srcset=\"https:\/\/detmolder-loeffelweise.de\/wp-content\/uploads\/2021\/03\/7dc61d2f-f776-489d-b8b2-f84d90ccb89a.jpg 768w, https:\/\/detmolder-loeffelweise.de\/wp-content\/uploads\/2021\/03\/7dc61d2f-f776-489d-b8b2-f84d90ccb89a-225x300.jpg 225w\" sizes=\"(max-width: 768px) 100vw, 768px\" alt=\"FERNwehGL\u00c4SER\" \t\tclass=\"so-widget-image\"\/>\n\t<\/div>\n\n<\/div><\/div><\/div><div id=\"pgc-2947-1-1\"  class=\"panel-grid-cell\" ><div id=\"panel-2947-1-1-0\" class=\"so-panel widget widget_sow-editor panel-first-child\" data-index=\"3\" ><div\n\t\t\t\n\t\t\tclass=\"so-widget-sow-editor so-widget-sow-editor-base\"\n\t\t\t\n\t\t>\n<div class=\"siteorigin-widget-tinymce textwidget\">\n\t<p>S<strong>chiff Ahoi Captains \u2013 Curry (H\u00fchnchencurry)<\/strong><\/p>\n<p>Bei diesem Gericht handelt es sich um ein H\u00fchnchencurry, welches an Bord des Norddeutschen Lloyds gekocht wurde. Als Beilage wird grunds\u00e4tzlich Basmatireis gereicht. Mit einer Vielzahl von Toppings, die nach Gusto auf den Reis gegeben werden,&nbsp;kreieren sie Ihr eigenes Gericht und geben dann das H\u00fchnchencurry dar\u00fcber.<\/p>\n<p><span style=\"text-decoration: underline;\">Klassische Toppings sind:<\/span><br \/>\nMango Chutney, Cashewkerne, Zwiebelw\u00fcrfel, Gew\u00fcrzgurkenw\u00fcrfel, gekochtes \u2013 gehacktes Ei, \u00d6lsardinen (abgetropft), Krabben (Shrimps) und ger\u00f6steten Kokosraspeln.<\/p>\n<h6>Gehen Sie mit uns an Bord \u2013 L\u00f6ffeln Sie eine kleine Schiffsreise auf Ihrem Teller und erfreuen sich an den unterschiedlichen Aromen.<\/h6>\n<\/div>\n<\/div><\/div><div id=\"panel-2947-1-1-1\" class=\"so-panel widget widget_sow-editor panel-last-child\" data-index=\"4\" ><div\n\t\t\t\n\t\t\tclass=\"so-widget-sow-editor so-widget-sow-editor-base\"\n\t\t\t\n\t\t>\n<div class=\"siteorigin-widget-tinymce textwidget\">\n\t<\/div>\n<\/div><\/div><\/div><\/div><div id=\"pg-2947-2\"  class=\"panel-grid panel-no-style\" ><div id=\"pgc-2947-2-0\"  class=\"panel-grid-cell\" ><div id=\"panel-2947-2-0-0\" class=\"so-panel widget widget_sow-image panel-first-child panel-last-child\" data-index=\"5\" ><div\n\t\t\t\n\t\t\tclass=\"so-widget-sow-image so-widget-sow-image-default-dbf295114b96-2947\"\n\t\t\t\n\t\t>\n<div class=\"sow-image-container\">\n\t\t<img \n\tsrc=\"https:\/\/detmolder-loeffelweise.de\/wp-content\/uploads\/2021\/03\/0dea28fa-92e5-4db0-bcc3-9df7b34144d3.jpg\" width=\"768\" height=\"1024\" srcset=\"https:\/\/detmolder-loeffelweise.de\/wp-content\/uploads\/2021\/03\/0dea28fa-92e5-4db0-bcc3-9df7b34144d3.jpg 768w, https:\/\/detmolder-loeffelweise.de\/wp-content\/uploads\/2021\/03\/0dea28fa-92e5-4db0-bcc3-9df7b34144d3-225x300.jpg 225w\" sizes=\"(max-width: 768px) 100vw, 768px\" alt=\"FERNwehGL\u00c4SER\" \t\tclass=\"so-widget-image\"\/>\n\t<\/div>\n\n<\/div><\/div><\/div><div id=\"pgc-2947-2-1\"  class=\"panel-grid-cell\" ><div id=\"panel-2947-2-1-0\" class=\"so-panel widget widget_sow-editor panel-first-child\" data-index=\"6\" ><div\n\t\t\t\n\t\t\tclass=\"so-widget-sow-editor so-widget-sow-editor-base\"\n\t\t\t\n\t\t>\n<div class=\"siteorigin-widget-tinymce textwidget\">\n\t<p><strong>Bouillabaisse \u2013 Franz\u00f6sische Fischsuppe<\/strong><\/p>\n<p>F\u00fcr diese wundervolle Suppe gibt es unz\u00e4hlige Variationen. Urspr\u00fcnglich wahrscheinlich von Fischern entwickelt, trat sie Ihren Siegeszug, aufgrund Ihres reichhaltigen und vollmundigen Geschmacks, in den K\u00fcchen in aller Welt an. Mit diesem \u201eFernwehglas\u201c m\u00f6chten wir sie nach Frankreich entf\u00fchren. G\u00f6nnen sie sich ein sch\u00f6nes Glas Wein, ein frisches Baguette und etwas Rouille und genie\u00dfen Sie ihren kleinen Frankreichtrip.<\/p>\n<p><strong><span style=\"text-decoration: underline;\">Rezept Rouille: (Safranmayonnaise)<\/span><\/strong><br \/>\n150g Kartoffeln (festkochend) - 0,1g Safranf\u00e4den - 50g Paprikaflocken - 1 TL Salz - 2-3 Knoblauchzehen - 1 TL Salz - 150ml kaltes Oliven\u00f6l - 1 Ei (kalt) - 2 El Zitronensaft - 1TL Piment de Espelette.<\/p>\n<p>Kartoffeln sch\u00e4len, w\u00fcrfeln und in kochendem Salzwasser, zusammen mit dem dem Safran garen. Abgie\u00dfen (etwas Kochwasser zur\u00fcckhalten) und durch die Kartoffelpresse dr\u00fccken, beiseitestellen. Die Paprikaflocken in dem Kochwasser ca. 15min ziehen lassen, abgie\u00dfen. Nun den Knoblauch pressen und mit einem Teel\u00f6ffel Salz fein zu einem Mus zerreiben. Das \u00d6l in ein hohes Gef\u00e4\u00df geben, das Ei hinzuf\u00fcgen und mit einem Mixer vom Boden aus nach oben hin zur Mayonnaise mixen. Diese nun mit dem Zitronensaft, evtl noch Salz, Pfeffer und Piment d\u00b4Espelette abschmecken. Zum Schlu\u00df die Mayonnaise mit den<br \/>\nerkalteten Kartoffeln, den Paprikaflocken und 1 EL Oliven\u00f6l zu einer So\u00dfe glattr\u00fchren.<\/p>\n<p>Bon App\u00e9tit<\/p>\n<h6>&nbsp;<\/h6>\n<\/div>\n<\/div><\/div><div id=\"panel-2947-2-1-1\" class=\"so-panel widget widget_sow-editor panel-last-child\" data-index=\"7\" ><div\n\t\t\t\n\t\t\tclass=\"so-widget-sow-editor so-widget-sow-editor-base\"\n\t\t\t\n\t\t>\n<div class=\"siteorigin-widget-tinymce textwidget\">\n\t<\/div>\n<\/div><\/div><\/div><\/div><div id=\"pg-2947-3\"  class=\"panel-grid panel-no-style\" ><div id=\"pgc-2947-3-0\"  class=\"panel-grid-cell\" ><div id=\"panel-2947-3-0-0\" class=\"so-panel widget widget_sow-editor panel-first-child\" data-index=\"8\" ><div\n\t\t\t\n\t\t\tclass=\"so-widget-sow-editor so-widget-sow-editor-base\"\n\t\t\t\n\t\t>\n<div class=\"siteorigin-widget-tinymce textwidget\">\n\t<h6>Der Anfang ist gemacht, demn\u00e4chst mehr auf dieser Seite und auf unseren Social-Media-Seiten.<\/h6>\n<h6>&nbsp;<\/h6>\n<h6>Unsere<strong>&nbsp;FERN<\/strong><strong>weh<\/strong>GL\u00c4SER k\u00f6nnen Sie auch im <a href=\"https:\/\/detmolder-pfeffersaeckchen.de\/\">Detmolder Pfeffers\u00e4ckchen<\/a> erwerben.<\/h6>\n<\/div>\n<\/div><\/div><div id=\"panel-2947-3-0-1\" class=\"so-panel widget widget_sow-image panel-last-child\" data-index=\"9\" ><div\n\t\t\t\n\t\t\tclass=\"so-widget-sow-image so-widget-sow-image-default-dbf295114b96-2947\"\n\t\t\t\n\t\t>\n<div class=\"sow-image-container\">\n\t\t<img \n\tsrc=\"https:\/\/detmolder-loeffelweise.de\/wp-content\/uploads\/2021\/02\/Fernweh.jpg\" width=\"1098\" height=\"150\" srcset=\"https:\/\/detmolder-loeffelweise.de\/wp-content\/uploads\/2021\/02\/Fernweh.jpg 1098w, https:\/\/detmolder-loeffelweise.de\/wp-content\/uploads\/2021\/02\/Fernweh-300x41.jpg 300w, https:\/\/detmolder-loeffelweise.de\/wp-content\/uploads\/2021\/02\/Fernweh-1024x140.jpg 1024w, https:\/\/detmolder-loeffelweise.de\/wp-content\/uploads\/2021\/02\/Fernweh-768x105.jpg 768w\" sizes=\"(max-width: 1098px) 100vw, 1098px\" alt=\"\" \t\tclass=\"so-widget-image\"\/>\n\t<\/div>\n\n<\/div><\/div><\/div><\/div><\/div>","protected":false},"excerpt":{"rendered":"<p>Jetzt neu im Detmolder L\u00f6ffelweise, unsere&nbsp;FERNwehGL\u00c4SER, eine kulinarische Reise in ferne Welten&nbsp;im schnuckeligen 500 g Glas f\u00fcr Zuhause. &nbsp; Den Anfang macht unser Captains \u2013 Curry. Schiff Ahoi Captains \u2013 Curry (H\u00fchnchencurry) Bei diesem Gericht handelt es sich um ein <a class=\"more-link\" href=\"https:\/\/detmolder-loeffelweise.de\/index.php\/fernwehglaeser\/\"><span class=\"screen-reader-text\">  FERNwehGL\u00c4SER<\/span> weiterlesen<span class=\"meta-nav\">&rarr;<\/span><\/a><\/p>\n","protected":false},"author":9,"featured_media":0,"parent":0,"menu_order":17,"comment_status":"closed","ping_status":"closed","template":"","meta":{"_monsterinsights_skip_tracking":false,"_monsterinsights_sitenote_active":false,"_monsterinsights_sitenote_note":"","_monsterinsights_sitenote_category":0,"ngg_post_thumbnail":0,"footnotes":""},"class_list":["post-2947","page","type-page","status-publish","hentry"],"yoast_head":"<!-- This site is optimized with the Yoast SEO plugin v27.4 - https:\/\/yoast.com\/product\/yoast-seo-wordpress\/ -->\n<title>FERNwehGL\u00c4SER vom Detmolder L\u00f6ffelweise<\/title>\n<meta name=\"description\" content=\"Jetzt neu im Detmolder L\u00f6ffelweise, unsere FERNwehGL\u00c4SER, eine kulinarische Reise in ferne Welten im schnuckeligen 500 g Glas f\u00fcr Zuhause.\" \/>\n<meta name=\"robots\" content=\"index, follow, max-snippet:-1, max-image-preview:large, max-video-preview:-1\" \/>\n<link rel=\"canonical\" href=\"https:\/\/detmolder-loeffelweise.de\/index.php\/fernwehglaeser\/\" \/>\n<meta property=\"og:locale\" content=\"de_DE\" \/>\n<meta property=\"og:type\" content=\"article\" \/>\n<meta property=\"og:title\" content=\"FERNwehGL\u00c4SER vom Detmolder L\u00f6ffelweise\" \/>\n<meta property=\"og:description\" content=\"Jetzt neu im Detmolder L\u00f6ffelweise, unsere FERNwehGL\u00c4SER, eine kulinarische Reise in ferne Welten im schnuckeligen 500 g Glas f\u00fcr Zuhause.\" \/>\n<meta property=\"og:url\" content=\"https:\/\/detmolder-loeffelweise.de\/index.php\/fernwehglaeser\/\" \/>\n<meta property=\"article:publisher\" content=\"https:\/\/www.facebook.com\/Detmolder.Loeffelweise\" \/>\n<meta property=\"article:modified_time\" content=\"2021-03-06T10:43:37+00:00\" \/>\n<meta name=\"twitter:card\" content=\"summary_large_image\" \/>\n<meta name=\"twitter:label1\" content=\"Gesch\u00e4tzte Lesezeit\" \/>\n\t<meta name=\"twitter:data1\" content=\"1\u00a0Minute\" \/>\n<script type=\"application\/ld+json\" class=\"yoast-schema-graph\">{\"@context\":\"https:\\\/\\\/schema.org\",\"@graph\":[{\"@type\":\"WebPage\",\"@id\":\"https:\\\/\\\/detmolder-loeffelweise.de\\\/index.php\\\/fernwehglaeser\\\/\",\"url\":\"https:\\\/\\\/detmolder-loeffelweise.de\\\/index.php\\\/fernwehglaeser\\\/\",\"name\":\"FERNwehGL\u00c4SER vom Detmolder L\u00f6ffelweise\",\"isPartOf\":{\"@id\":\"https:\\\/\\\/detmolder-loeffelweise.de\\\/#website\"},\"datePublished\":\"2021-02-03T21:16:54+00:00\",\"dateModified\":\"2021-03-06T10:43:37+00:00\",\"description\":\"Jetzt neu im Detmolder L\u00f6ffelweise, unsere FERNwehGL\u00c4SER, eine kulinarische Reise in ferne Welten im schnuckeligen 500 g Glas f\u00fcr Zuhause.\",\"breadcrumb\":{\"@id\":\"https:\\\/\\\/detmolder-loeffelweise.de\\\/index.php\\\/fernwehglaeser\\\/#breadcrumb\"},\"inLanguage\":\"de\",\"potentialAction\":[{\"@type\":\"ReadAction\",\"target\":[\"https:\\\/\\\/detmolder-loeffelweise.de\\\/index.php\\\/fernwehglaeser\\\/\"]}]},{\"@type\":\"BreadcrumbList\",\"@id\":\"https:\\\/\\\/detmolder-loeffelweise.de\\\/index.php\\\/fernwehglaeser\\\/#breadcrumb\",\"itemListElement\":[{\"@type\":\"ListItem\",\"position\":1,\"name\":\"Startseite\",\"item\":\"https:\\\/\\\/detmolder-loeffelweise.de\\\/\"},{\"@type\":\"ListItem\",\"position\":2,\"name\":\"FERNwehGL\u00c4SER\"}]},{\"@type\":\"WebSite\",\"@id\":\"https:\\\/\\\/detmolder-loeffelweise.de\\\/#website\",\"url\":\"https:\\\/\\\/detmolder-loeffelweise.de\\\/\",\"name\":\"Detmolder L\u00f6ffelweise\",\"description\":\"\",\"publisher\":{\"@id\":\"https:\\\/\\\/detmolder-loeffelweise.de\\\/#organization\"},\"potentialAction\":[{\"@type\":\"SearchAction\",\"target\":{\"@type\":\"EntryPoint\",\"urlTemplate\":\"https:\\\/\\\/detmolder-loeffelweise.de\\\/?s={search_term_string}\"},\"query-input\":{\"@type\":\"PropertyValueSpecification\",\"valueRequired\":true,\"valueName\":\"search_term_string\"}}],\"inLanguage\":\"de\"},{\"@type\":\"Organization\",\"@id\":\"https:\\\/\\\/detmolder-loeffelweise.de\\\/#organization\",\"name\":\"Detmolder L\u00f6ffelweise\",\"url\":\"https:\\\/\\\/detmolder-loeffelweise.de\\\/\",\"logo\":{\"@type\":\"ImageObject\",\"inLanguage\":\"de\",\"@id\":\"https:\\\/\\\/detmolder-loeffelweise.de\\\/#\\\/schema\\\/logo\\\/image\\\/\",\"url\":\"https:\\\/\\\/detmolder-loeffelweise.de\\\/wp-content\\\/uploads\\\/2019\\\/12\\\/cropped-LOGO_DTLW.png\",\"contentUrl\":\"https:\\\/\\\/detmolder-loeffelweise.de\\\/wp-content\\\/uploads\\\/2019\\\/12\\\/cropped-LOGO_DTLW.png\",\"width\":655,\"height\":105,\"caption\":\"Detmolder L\u00f6ffelweise\"},\"image\":{\"@id\":\"https:\\\/\\\/detmolder-loeffelweise.de\\\/#\\\/schema\\\/logo\\\/image\\\/\"},\"sameAs\":[\"https:\\\/\\\/www.facebook.com\\\/Detmolder.Loeffelweise\",\"https:\\\/\\\/instagram.com\\\/detmolderloeffelweise\\\/\"]}]}<\/script>\n<!-- \/ Yoast SEO plugin. -->","yoast_head_json":{"title":"FERNwehGL\u00c4SER vom Detmolder L\u00f6ffelweise","description":"Jetzt neu im Detmolder L\u00f6ffelweise, unsere FERNwehGL\u00c4SER, eine kulinarische Reise in ferne Welten im schnuckeligen 500 g Glas f\u00fcr Zuhause.","robots":{"index":"index","follow":"follow","max-snippet":"max-snippet:-1","max-image-preview":"max-image-preview:large","max-video-preview":"max-video-preview:-1"},"canonical":"https:\/\/detmolder-loeffelweise.de\/index.php\/fernwehglaeser\/","og_locale":"de_DE","og_type":"article","og_title":"FERNwehGL\u00c4SER vom Detmolder L\u00f6ffelweise","og_description":"Jetzt neu im Detmolder L\u00f6ffelweise, unsere FERNwehGL\u00c4SER, eine kulinarische Reise in ferne Welten im schnuckeligen 500 g Glas f\u00fcr Zuhause.","og_url":"https:\/\/detmolder-loeffelweise.de\/index.php\/fernwehglaeser\/","article_publisher":"https:\/\/www.facebook.com\/Detmolder.Loeffelweise","article_modified_time":"2021-03-06T10:43:37+00:00","twitter_card":"summary_large_image","twitter_misc":{"Gesch\u00e4tzte Lesezeit":"1\u00a0Minute"},"schema":{"@context":"https:\/\/schema.org","@graph":[{"@type":"WebPage","@id":"https:\/\/detmolder-loeffelweise.de\/index.php\/fernwehglaeser\/","url":"https:\/\/detmolder-loeffelweise.de\/index.php\/fernwehglaeser\/","name":"FERNwehGL\u00c4SER vom Detmolder L\u00f6ffelweise","isPartOf":{"@id":"https:\/\/detmolder-loeffelweise.de\/#website"},"datePublished":"2021-02-03T21:16:54+00:00","dateModified":"2021-03-06T10:43:37+00:00","description":"Jetzt neu im Detmolder L\u00f6ffelweise, unsere FERNwehGL\u00c4SER, eine kulinarische Reise in ferne Welten im schnuckeligen 500 g Glas f\u00fcr Zuhause.","breadcrumb":{"@id":"https:\/\/detmolder-loeffelweise.de\/index.php\/fernwehglaeser\/#breadcrumb"},"inLanguage":"de","potentialAction":[{"@type":"ReadAction","target":["https:\/\/detmolder-loeffelweise.de\/index.php\/fernwehglaeser\/"]}]},{"@type":"BreadcrumbList","@id":"https:\/\/detmolder-loeffelweise.de\/index.php\/fernwehglaeser\/#breadcrumb","itemListElement":[{"@type":"ListItem","position":1,"name":"Startseite","item":"https:\/\/detmolder-loeffelweise.de\/"},{"@type":"ListItem","position":2,"name":"FERNwehGL\u00c4SER"}]},{"@type":"WebSite","@id":"https:\/\/detmolder-loeffelweise.de\/#website","url":"https:\/\/detmolder-loeffelweise.de\/","name":"Detmolder L\u00f6ffelweise","description":"","publisher":{"@id":"https:\/\/detmolder-loeffelweise.de\/#organization"},"potentialAction":[{"@type":"SearchAction","target":{"@type":"EntryPoint","urlTemplate":"https:\/\/detmolder-loeffelweise.de\/?s={search_term_string}"},"query-input":{"@type":"PropertyValueSpecification","valueRequired":true,"valueName":"search_term_string"}}],"inLanguage":"de"},{"@type":"Organization","@id":"https:\/\/detmolder-loeffelweise.de\/#organization","name":"Detmolder L\u00f6ffelweise","url":"https:\/\/detmolder-loeffelweise.de\/","logo":{"@type":"ImageObject","inLanguage":"de","@id":"https:\/\/detmolder-loeffelweise.de\/#\/schema\/logo\/image\/","url":"https:\/\/detmolder-loeffelweise.de\/wp-content\/uploads\/2019\/12\/cropped-LOGO_DTLW.png","contentUrl":"https:\/\/detmolder-loeffelweise.de\/wp-content\/uploads\/2019\/12\/cropped-LOGO_DTLW.png","width":655,"height":105,"caption":"Detmolder L\u00f6ffelweise"},"image":{"@id":"https:\/\/detmolder-loeffelweise.de\/#\/schema\/logo\/image\/"},"sameAs":["https:\/\/www.facebook.com\/Detmolder.Loeffelweise","https:\/\/instagram.com\/detmolderloeffelweise\/"]}]}},"_links":{"self":[{"href":"https:\/\/detmolder-loeffelweise.de\/index.php\/wp-json\/wp\/v2\/pages\/2947","targetHints":{"allow":["GET"]}}],"collection":[{"href":"https:\/\/detmolder-loeffelweise.de\/index.php\/wp-json\/wp\/v2\/pages"}],"about":[{"href":"https:\/\/detmolder-loeffelweise.de\/index.php\/wp-json\/wp\/v2\/types\/page"}],"author":[{"embeddable":true,"href":"https:\/\/detmolder-loeffelweise.de\/index.php\/wp-json\/wp\/v2\/users\/9"}],"replies":[{"embeddable":true,"href":"https:\/\/detmolder-loeffelweise.de\/index.php\/wp-json\/wp\/v2\/comments?post=2947"}],"version-history":[{"count":78,"href":"https:\/\/detmolder-loeffelweise.de\/index.php\/wp-json\/wp\/v2\/pages\/2947\/revisions"}],"predecessor-version":[{"id":3101,"href":"https:\/\/detmolder-loeffelweise.de\/index.php\/wp-json\/wp\/v2\/pages\/2947\/revisions\/3101"}],"wp:attachment":[{"href":"https:\/\/detmolder-loeffelweise.de\/index.php\/wp-json\/wp\/v2\/media?parent=2947"}],"curies":[{"name":"wp","href":"https:\/\/api.w.org\/{rel}","templated":true}]}}