{"id":3579,"date":"2022-07-30T11:37:02","date_gmt":"2022-07-30T09:37:02","guid":{"rendered":"https:\/\/detmolder-loeffelweise.de\/?page_id=3579"},"modified":"2026-02-10T18:47:38","modified_gmt":"2026-02-10T17:47:38","slug":"veranstaltungen","status":"publish","type":"page","link":"https:\/\/detmolder-loeffelweise.de\/index.php\/veranstaltungen\/","title":{"rendered":"Veranstaltungen"},"content":{"rendered":"<div id=\"pl-3579\"  class=\"panel-layout\" ><div id=\"pg-3579-0\"  class=\"panel-grid panel-no-style\" ><div id=\"pgc-3579-0-0\"  class=\"panel-grid-cell\" ><div id=\"panel-3579-0-0-0\" class=\"so-panel widget widget_sow-editor panel-first-child panel-last-child\" data-index=\"0\" ><div\n\t\t\t\n\t\t\tclass=\"so-widget-sow-editor so-widget-sow-editor-base\"\n\t\t\t\n\t\t>\n<div class=\"siteorigin-widget-tinymce textwidget\">\n\t<h5 style=\"text-align: center;\">Alle Veranstaltungen finden im<\/h5>\n<h5>&nbsp;<\/h5>\n<h5 style=\"text-align: center;\"><strong style=\"font-size: 18px;\">Alles Geschmackssache <\/strong>in der<\/h5>\n<h5 style=\"text-align: center;\"><strong>Langen Strasse 37 -&nbsp;<\/strong><strong><span class=\"xr_tl\">32805 Horn Bad Meinberg <\/span><\/strong><\/h5>\n<h5 style=\"text-align: center;\"><strong><span class=\"xr_tl\">(Holzhausen-Externsteine) <\/span><\/strong><span class=\"xr_tl\">statt.<\/span><\/h5>\n<h5>&nbsp;<\/h5>\n<h3 style=\"text-align: center;\"><strong>Jetzt direkt im Detmolder L\u00f6ffelweise buchen!<\/strong><\/h3>\n<\/div>\n<\/div><\/div><\/div><\/div><div id=\"pg-3579-1\"  class=\"panel-grid panel-no-style\" ><div id=\"pgc-3579-1-0\"  class=\"panel-grid-cell\" ><div id=\"panel-3579-1-0-0\" class=\"so-panel widget widget_siteorigin-panels-builder panel-first-child panel-last-child\" data-index=\"1\" ><div id=\"pl-w698b6f3ae35d6\"  class=\"panel-layout\" ><div id=\"pg-w698b6f3ae35d6-0\"  class=\"panel-grid panel-no-style\" ><div id=\"pgc-w698b6f3ae35d6-0-0\"  class=\"panel-grid-cell\" ><div id=\"panel-w698b6f3ae35d6-0-0-0\" class=\"so-panel widget widget_sow-image panel-first-child\" data-index=\"0\" ><div\n\t\t\t\n\t\t\tclass=\"so-widget-sow-image so-widget-sow-image-default-8b5b6f678277\"\n\t\t\t\n\t\t>\n<div class=\"sow-image-container\">\n\t\t\t<a href=\"https:\/\/detmolder-pfeffersaeckchen.de\/veranstaltungen\/\"\n\t\t\ttarget=\"_blank\" rel=\"noopener noreferrer\" \t\t>\n\t\t\t<img \n\tsrc=\"https:\/\/detmolder-loeffelweise.de\/wp-content\/uploads\/2026\/02\/Seminarvorlage_03_04_2026-scaled.jpg\" width=\"1810\" height=\"2560\" srcset=\"https:\/\/detmolder-loeffelweise.de\/wp-content\/uploads\/2026\/02\/Seminarvorlage_03_04_2026-scaled.jpg 1810w, https:\/\/detmolder-loeffelweise.de\/wp-content\/uploads\/2026\/02\/Seminarvorlage_03_04_2026-212x300.jpg 212w, https:\/\/detmolder-loeffelweise.de\/wp-content\/uploads\/2026\/02\/Seminarvorlage_03_04_2026-724x1024.jpg 724w, https:\/\/detmolder-loeffelweise.de\/wp-content\/uploads\/2026\/02\/Seminarvorlage_03_04_2026-768x1086.jpg 768w, https:\/\/detmolder-loeffelweise.de\/wp-content\/uploads\/2026\/02\/Seminarvorlage_03_04_2026-1086x1536.jpg 1086w, https:\/\/detmolder-loeffelweise.de\/wp-content\/uploads\/2026\/02\/Seminarvorlage_03_04_2026-1448x2048.jpg 1448w\" sizes=\"(max-width: 1810px) 100vw, 1810px\" title=\"Seminarvorlage_03_04_2026\" alt=\"Seminare Q1\/Q2 2026\" \t\tclass=\"so-widget-image\"\/>\n\t\t\t<\/a><\/div>\n\n<\/div><\/div><div id=\"panel-w698b6f3ae35d6-0-0-1\" class=\"so-panel widget widget_sow-image\" data-index=\"1\" ><div\n\t\t\t\n\t\t\tclass=\"so-widget-sow-image so-widget-sow-image-default-8b5b6f678277\"\n\t\t\t\n\t\t>\n<div class=\"sow-image-container\">\n\t\t\t<a href=\"https:\/\/detmolder-pfeffersaeckchen.de\/veranstaltungen\/\"\n\t\t\ttarget=\"_blank\" rel=\"noopener noreferrer\" \t\t>\n\t\t\t<img \n\tsrc=\"https:\/\/detmolder-loeffelweise.de\/wp-content\/uploads\/2025\/11\/Seminarvorlage_01_02_2026-scaled.jpg\" width=\"1810\" height=\"2560\" srcset=\"https:\/\/detmolder-loeffelweise.de\/wp-content\/uploads\/2025\/11\/Seminarvorlage_01_02_2026-scaled.jpg 1810w, https:\/\/detmolder-loeffelweise.de\/wp-content\/uploads\/2025\/11\/Seminarvorlage_01_02_2026-212x300.jpg 212w, https:\/\/detmolder-loeffelweise.de\/wp-content\/uploads\/2025\/11\/Seminarvorlage_01_02_2026-724x1024.jpg 724w, https:\/\/detmolder-loeffelweise.de\/wp-content\/uploads\/2025\/11\/Seminarvorlage_01_02_2026-768x1086.jpg 768w, https:\/\/detmolder-loeffelweise.de\/wp-content\/uploads\/2025\/11\/Seminarvorlage_01_02_2026-1086x1536.jpg 1086w, https:\/\/detmolder-loeffelweise.de\/wp-content\/uploads\/2025\/11\/Seminarvorlage_01_02_2026-1448x2048.jpg 1448w\" sizes=\"(max-width: 1810px) 100vw, 1810px\" title=\"Seminarvorlage_01_02_2026\" alt=\"Seminare Q1 2026\" \t\tclass=\"so-widget-image\"\/>\n\t\t\t<\/a><\/div>\n\n<\/div><\/div><div id=\"panel-w698b6f3ae35d6-0-0-2\" class=\"so-panel widget widget_sow-image panel-last-child\" data-index=\"2\" ><div\n\t\t\t\n\t\t\tclass=\"so-widget-sow-image so-widget-sow-image-default-8b5b6f678277\"\n\t\t\t\n\t\t>\n<div class=\"sow-image-container\">\n\t\t\t<a href=\"https:\/\/detmolder-pfeffersaeckchen.de\/veranstaltungen\/\"\n\t\t\ttarget=\"_blank\" rel=\"noopener noreferrer\" \t\t>\n\t\t\t<img \n\tsrc=\"https:\/\/detmolder-loeffelweise.de\/wp-content\/uploads\/2025\/11\/Seminarvorlage_01_02_2026-scaled.jpg\" width=\"1810\" height=\"2560\" srcset=\"https:\/\/detmolder-loeffelweise.de\/wp-content\/uploads\/2025\/11\/Seminarvorlage_01_02_2026-scaled.jpg 1810w, https:\/\/detmolder-loeffelweise.de\/wp-content\/uploads\/2025\/11\/Seminarvorlage_01_02_2026-212x300.jpg 212w, https:\/\/detmolder-loeffelweise.de\/wp-content\/uploads\/2025\/11\/Seminarvorlage_01_02_2026-724x1024.jpg 724w, https:\/\/detmolder-loeffelweise.de\/wp-content\/uploads\/2025\/11\/Seminarvorlage_01_02_2026-768x1086.jpg 768w, https:\/\/detmolder-loeffelweise.de\/wp-content\/uploads\/2025\/11\/Seminarvorlage_01_02_2026-1086x1536.jpg 1086w, https:\/\/detmolder-loeffelweise.de\/wp-content\/uploads\/2025\/11\/Seminarvorlage_01_02_2026-1448x2048.jpg 1448w\" sizes=\"(max-width: 1810px) 100vw, 1810px\" title=\"Seminarvorlage_01_02_2026\" alt=\"Seminare Q1 2026\" \t\tclass=\"so-widget-image\"\/>\n\t\t\t<\/a><\/div>\n\n<\/div><\/div><\/div><\/div><\/div><\/div><\/div><\/div><\/div>","protected":false},"excerpt":{"rendered":"<p>Alle Veranstaltungen finden im &nbsp; Alles Geschmackssache in der Langen Strasse 37 &#8211;&nbsp;32805 Horn Bad Meinberg (Holzhausen-Externsteine) statt. &nbsp; Jetzt direkt im Detmolder L\u00f6ffelweise buchen!<\/p>\n","protected":false},"author":9,"featured_media":0,"parent":0,"menu_order":1,"comment_status":"closed","ping_status":"closed","template":"","meta":{"_monsterinsights_skip_tracking":false,"_monsterinsights_sitenote_active":false,"_monsterinsights_sitenote_note":"","_monsterinsights_sitenote_category":0,"ngg_post_thumbnail":0,"footnotes":""},"class_list":["post-3579","page","type-page","status-publish","hentry"],"yoast_head":"<!-- This site is optimized with the Yoast SEO plugin v27.4 - https:\/\/yoast.com\/product\/yoast-seo-wordpress\/ -->\n<title>L\u00f6ffelgerichte - Detmolder L\u00f6ffelweise, unsere Speisekarte<\/title>\n<meta name=\"description\" content=\"Jede Woche eine neue Auswahl von sechs frisch hergestellten L\u00f6ffelgerichten. Nat\u00fcrlich gibt es auch immer vegetarische und vegane L\u00f6ffelgerichte.\" \/>\n<meta name=\"robots\" content=\"index, follow, max-snippet:-1, max-image-preview:large, max-video-preview:-1\" \/>\n<link rel=\"canonical\" href=\"https:\/\/detmolder-loeffelweise.de\/index.php\/veranstaltungen\/\" \/>\n<meta property=\"og:locale\" content=\"de_DE\" \/>\n<meta property=\"og:type\" content=\"article\" \/>\n<meta property=\"og:title\" content=\"L\u00f6ffelgerichte - Detmolder L\u00f6ffelweise, unsere Speisekarte\" \/>\n<meta property=\"og:description\" content=\"Jede Woche eine neue Auswahl von sechs frisch hergestellten L\u00f6ffelgerichten. Nat\u00fcrlich gibt es auch immer vegetarische und vegane L\u00f6ffelgerichte.\" \/>\n<meta property=\"og:url\" content=\"https:\/\/detmolder-loeffelweise.de\/index.php\/veranstaltungen\/\" \/>\n<meta property=\"article:publisher\" content=\"https:\/\/www.facebook.com\/Detmolder.Loeffelweise\" \/>\n<meta property=\"article:modified_time\" content=\"2026-02-10T17:47:38+00:00\" \/>\n<meta name=\"twitter:card\" content=\"summary_large_image\" \/>\n<meta name=\"twitter:label1\" content=\"Gesch\u00e4tzte Lesezeit\" \/>\n\t<meta name=\"twitter:data1\" content=\"1\u00a0Minute\" \/>\n<script type=\"application\/ld+json\" class=\"yoast-schema-graph\">{\"@context\":\"https:\\\/\\\/schema.org\",\"@graph\":[{\"@type\":\"WebPage\",\"@id\":\"https:\\\/\\\/detmolder-loeffelweise.de\\\/index.php\\\/veranstaltungen\\\/\",\"url\":\"https:\\\/\\\/detmolder-loeffelweise.de\\\/index.php\\\/veranstaltungen\\\/\",\"name\":\"L\u00f6ffelgerichte - Detmolder L\u00f6ffelweise, unsere Speisekarte\",\"isPartOf\":{\"@id\":\"https:\\\/\\\/detmolder-loeffelweise.de\\\/#website\"},\"datePublished\":\"2022-07-30T09:37:02+00:00\",\"dateModified\":\"2026-02-10T17:47:38+00:00\",\"description\":\"Jede Woche eine neue Auswahl von sechs frisch hergestellten L\u00f6ffelgerichten. Nat\u00fcrlich gibt es auch immer vegetarische und vegane L\u00f6ffelgerichte.\",\"breadcrumb\":{\"@id\":\"https:\\\/\\\/detmolder-loeffelweise.de\\\/index.php\\\/veranstaltungen\\\/#breadcrumb\"},\"inLanguage\":\"de\",\"potentialAction\":[{\"@type\":\"ReadAction\",\"target\":[\"https:\\\/\\\/detmolder-loeffelweise.de\\\/index.php\\\/veranstaltungen\\\/\"]}]},{\"@type\":\"BreadcrumbList\",\"@id\":\"https:\\\/\\\/detmolder-loeffelweise.de\\\/index.php\\\/veranstaltungen\\\/#breadcrumb\",\"itemListElement\":[{\"@type\":\"ListItem\",\"position\":1,\"name\":\"Startseite\",\"item\":\"https:\\\/\\\/detmolder-loeffelweise.de\\\/\"},{\"@type\":\"ListItem\",\"position\":2,\"name\":\"Veranstaltungen\"}]},{\"@type\":\"WebSite\",\"@id\":\"https:\\\/\\\/detmolder-loeffelweise.de\\\/#website\",\"url\":\"https:\\\/\\\/detmolder-loeffelweise.de\\\/\",\"name\":\"Detmolder L\u00f6ffelweise\",\"description\":\"\",\"publisher\":{\"@id\":\"https:\\\/\\\/detmolder-loeffelweise.de\\\/#organization\"},\"potentialAction\":[{\"@type\":\"SearchAction\",\"target\":{\"@type\":\"EntryPoint\",\"urlTemplate\":\"https:\\\/\\\/detmolder-loeffelweise.de\\\/?s={search_term_string}\"},\"query-input\":{\"@type\":\"PropertyValueSpecification\",\"valueRequired\":true,\"valueName\":\"search_term_string\"}}],\"inLanguage\":\"de\"},{\"@type\":\"Organization\",\"@id\":\"https:\\\/\\\/detmolder-loeffelweise.de\\\/#organization\",\"name\":\"Detmolder L\u00f6ffelweise\",\"url\":\"https:\\\/\\\/detmolder-loeffelweise.de\\\/\",\"logo\":{\"@type\":\"ImageObject\",\"inLanguage\":\"de\",\"@id\":\"https:\\\/\\\/detmolder-loeffelweise.de\\\/#\\\/schema\\\/logo\\\/image\\\/\",\"url\":\"https:\\\/\\\/detmolder-loeffelweise.de\\\/wp-content\\\/uploads\\\/2019\\\/12\\\/cropped-LOGO_DTLW.png\",\"contentUrl\":\"https:\\\/\\\/detmolder-loeffelweise.de\\\/wp-content\\\/uploads\\\/2019\\\/12\\\/cropped-LOGO_DTLW.png\",\"width\":655,\"height\":105,\"caption\":\"Detmolder L\u00f6ffelweise\"},\"image\":{\"@id\":\"https:\\\/\\\/detmolder-loeffelweise.de\\\/#\\\/schema\\\/logo\\\/image\\\/\"},\"sameAs\":[\"https:\\\/\\\/www.facebook.com\\\/Detmolder.Loeffelweise\",\"https:\\\/\\\/instagram.com\\\/detmolderloeffelweise\\\/\"]}]}<\/script>\n<!-- \/ Yoast SEO plugin. -->","yoast_head_json":{"title":"L\u00f6ffelgerichte - Detmolder L\u00f6ffelweise, unsere Speisekarte","description":"Jede Woche eine neue Auswahl von sechs frisch hergestellten L\u00f6ffelgerichten. Nat\u00fcrlich gibt es auch immer vegetarische und vegane L\u00f6ffelgerichte.","robots":{"index":"index","follow":"follow","max-snippet":"max-snippet:-1","max-image-preview":"max-image-preview:large","max-video-preview":"max-video-preview:-1"},"canonical":"https:\/\/detmolder-loeffelweise.de\/index.php\/veranstaltungen\/","og_locale":"de_DE","og_type":"article","og_title":"L\u00f6ffelgerichte - Detmolder L\u00f6ffelweise, unsere Speisekarte","og_description":"Jede Woche eine neue Auswahl von sechs frisch hergestellten L\u00f6ffelgerichten. Nat\u00fcrlich gibt es auch immer vegetarische und vegane L\u00f6ffelgerichte.","og_url":"https:\/\/detmolder-loeffelweise.de\/index.php\/veranstaltungen\/","article_publisher":"https:\/\/www.facebook.com\/Detmolder.Loeffelweise","article_modified_time":"2026-02-10T17:47:38+00:00","twitter_card":"summary_large_image","twitter_misc":{"Gesch\u00e4tzte Lesezeit":"1\u00a0Minute"},"schema":{"@context":"https:\/\/schema.org","@graph":[{"@type":"WebPage","@id":"https:\/\/detmolder-loeffelweise.de\/index.php\/veranstaltungen\/","url":"https:\/\/detmolder-loeffelweise.de\/index.php\/veranstaltungen\/","name":"L\u00f6ffelgerichte - Detmolder L\u00f6ffelweise, unsere Speisekarte","isPartOf":{"@id":"https:\/\/detmolder-loeffelweise.de\/#website"},"datePublished":"2022-07-30T09:37:02+00:00","dateModified":"2026-02-10T17:47:38+00:00","description":"Jede Woche eine neue Auswahl von sechs frisch hergestellten L\u00f6ffelgerichten. Nat\u00fcrlich gibt es auch immer vegetarische und vegane L\u00f6ffelgerichte.","breadcrumb":{"@id":"https:\/\/detmolder-loeffelweise.de\/index.php\/veranstaltungen\/#breadcrumb"},"inLanguage":"de","potentialAction":[{"@type":"ReadAction","target":["https:\/\/detmolder-loeffelweise.de\/index.php\/veranstaltungen\/"]}]},{"@type":"BreadcrumbList","@id":"https:\/\/detmolder-loeffelweise.de\/index.php\/veranstaltungen\/#breadcrumb","itemListElement":[{"@type":"ListItem","position":1,"name":"Startseite","item":"https:\/\/detmolder-loeffelweise.de\/"},{"@type":"ListItem","position":2,"name":"Veranstaltungen"}]},{"@type":"WebSite","@id":"https:\/\/detmolder-loeffelweise.de\/#website","url":"https:\/\/detmolder-loeffelweise.de\/","name":"Detmolder L\u00f6ffelweise","description":"","publisher":{"@id":"https:\/\/detmolder-loeffelweise.de\/#organization"},"potentialAction":[{"@type":"SearchAction","target":{"@type":"EntryPoint","urlTemplate":"https:\/\/detmolder-loeffelweise.de\/?s={search_term_string}"},"query-input":{"@type":"PropertyValueSpecification","valueRequired":true,"valueName":"search_term_string"}}],"inLanguage":"de"},{"@type":"Organization","@id":"https:\/\/detmolder-loeffelweise.de\/#organization","name":"Detmolder L\u00f6ffelweise","url":"https:\/\/detmolder-loeffelweise.de\/","logo":{"@type":"ImageObject","inLanguage":"de","@id":"https:\/\/detmolder-loeffelweise.de\/#\/schema\/logo\/image\/","url":"https:\/\/detmolder-loeffelweise.de\/wp-content\/uploads\/2019\/12\/cropped-LOGO_DTLW.png","contentUrl":"https:\/\/detmolder-loeffelweise.de\/wp-content\/uploads\/2019\/12\/cropped-LOGO_DTLW.png","width":655,"height":105,"caption":"Detmolder L\u00f6ffelweise"},"image":{"@id":"https:\/\/detmolder-loeffelweise.de\/#\/schema\/logo\/image\/"},"sameAs":["https:\/\/www.facebook.com\/Detmolder.Loeffelweise","https:\/\/instagram.com\/detmolderloeffelweise\/"]}]}},"_links":{"self":[{"href":"https:\/\/detmolder-loeffelweise.de\/index.php\/wp-json\/wp\/v2\/pages\/3579","targetHints":{"allow":["GET"]}}],"collection":[{"href":"https:\/\/detmolder-loeffelweise.de\/index.php\/wp-json\/wp\/v2\/pages"}],"about":[{"href":"https:\/\/detmolder-loeffelweise.de\/index.php\/wp-json\/wp\/v2\/types\/page"}],"author":[{"embeddable":true,"href":"https:\/\/detmolder-loeffelweise.de\/index.php\/wp-json\/wp\/v2\/users\/9"}],"replies":[{"embeddable":true,"href":"https:\/\/detmolder-loeffelweise.de\/index.php\/wp-json\/wp\/v2\/comments?post=3579"}],"version-history":[{"count":29,"href":"https:\/\/detmolder-loeffelweise.de\/index.php\/wp-json\/wp\/v2\/pages\/3579\/revisions"}],"predecessor-version":[{"id":4570,"href":"https:\/\/detmolder-loeffelweise.de\/index.php\/wp-json\/wp\/v2\/pages\/3579\/revisions\/4570"}],"wp:attachment":[{"href":"https:\/\/detmolder-loeffelweise.de\/index.php\/wp-json\/wp\/v2\/media?parent=3579"}],"curies":[{"name":"wp","href":"https:\/\/api.w.org\/{rel}","templated":true}]}}