{"id":41,"date":"2015-05-19T15:52:24","date_gmt":"2015-05-19T13:52:24","guid":{"rendered":"http:\/\/dtlw.detmolder-loeffelweise.de\/?page_id=41"},"modified":"2026-01-04T18:38:14","modified_gmt":"2026-01-04T17:38:14","slug":"impressum","status":"publish","type":"page","link":"https:\/\/detmolder-loeffelweise.de\/index.php\/impressum\/","title":{"rendered":"Impressum"},"content":{"rendered":"<h1><span style=\"color: #ff0000;\">Impressum<img loading=\"lazy\" decoding=\"async\" class=\" alignright wp-image-240\" src=\"http:\/\/dtlw.detmolder-loeffelweise.de\/wp-content\/uploads\/2015\/05\/erbse.jpg\" alt=\"Impressum\" width=\"416\" height=\"420\" srcset=\"https:\/\/detmolder-loeffelweise.de\/wp-content\/uploads\/2015\/05\/erbse.jpg 664w, https:\/\/detmolder-loeffelweise.de\/wp-content\/uploads\/2015\/05\/erbse-150x150.jpg 150w, https:\/\/detmolder-loeffelweise.de\/wp-content\/uploads\/2015\/05\/erbse-296x300.jpg 296w\" sizes=\"auto, (max-width: 416px) 100vw, 416px\" \/><\/span><\/h1>\n<p><span class=\"xr_tl xr_s18\"><strong>Angaben des Detmolder L\u00f6ffelweise zum Impressum gem\u00e4\u00df \u00a7 5 TMG:<\/strong><\/span><\/p>\n<p><a href=\"https:\/\/detmolder-loeffelweise.de\/\"><span class=\"xr_tl xr_s18\"><strong>Detmolder L\u00f6ffelweise <\/strong><\/span><\/a><br \/>\n<span class=\"xr_tl\"> Inh.&nbsp;Dipl.-Ing.(FH) V. Tippenhauer<\/span><br \/>\n<span class=\"xr_tl\">Krumme Str. 31<\/span><br \/>\n<span class=\"xr_tl\">32756 Detmold<\/span><\/p>\n<p>Steuernummer: 313\/5410\/1569<\/p>\n<p><strong>Verantwortlich f\u00fcr den Inhalt nach \u00a7 55 Abs. 2 RStV:<\/strong><\/p>\n<p><span class=\"xr_tl\">Dipl.-Ing.(FH) V. Tippenhauer<\/span><br \/>\n<span class=\"xr_tl\">Krumme Str. 31<\/span><br \/>\n<span class=\"xr_tl\">32756 Detmold<\/span><\/p>\n<p><b><span style=\"color: #444444; font-family: Arial;\">Kontakt:<br \/>\n<\/span><\/b> Telefon&nbsp;+49(0) 5231 \/ 301 8 092<br \/>\nE-Mail:<span class=\"xr_tl xr_s5\">&nbsp;<a href=\"javascript:secureDecryptAndNavigate('SGvMKuF38GovgccmEyvTjfg3kP6ExuEm6DJPk2N9ngyXSVKr9YnrgYmay2\/rQFxxqcF3uK2xHn4gFgUB5Y+szz+s+hTswQrqKl\/OMg1eANxU77w8Gg==', '19e97ffd4bd1bf34d41e33f83c1a7748f3ca840ff6073102295135bfcb99e55d')\">info [at] detmolder-loeffelweise [dot] de<\/a><\/span><\/p>\n<p><b><span style=\"color: #444444; font-family: Arial;\">Umsatzsteuer:<br \/>\n<\/span><\/b> Umsatzsteuer-Identifikationsnummer gem\u00e4\u00df \u00a727 a Umsatzsteuergesetz: <em>DE217721084<\/em><\/p>\n<p><strong>Streitschlichtung:<\/strong><\/p>\n<p>Die Europ\u00e4ische Kommission stellt eine Plattform zur Online-Streitbeilegung (OS) bereit: <a href=\"https:\/\/ec.europa.eu\/consumers\/odr\">https:\/\/ec.europa.eu\/consumers\/odr<\/a>. Unsere E-Mail-Adresse finden Sie oben im Impressum.&nbsp;Wir sind nicht bereit oder verpflichtet, an Streitbeilegungsverfahren vor einer Verbraucherschlichtungsstelle teilzunehmen.<\/p>\n<p><strong>Haftungsausschluss:<\/strong><\/p>\n<p><strong>1. Inhalt des Onlineangebotes:<\/strong>&nbsp;Die Firma <a href=\"https:\/\/detmolder-loeffelweise.de\/\">Detmolder L\u00f6ffelweise<\/a>&nbsp;\u00fcbernimmt keinerlei Gew\u00e4hr f\u00fcr die Aktualit\u00e4t, Korrektheit, Vollst\u00e4ndigkeit oder Qualit\u00e4t der bereitgestellten Informationen. Haftungsanspr\u00fcche gegen die Firma <a href=\"https:\/\/detmolder-loeffelweise.de\/\">Detmolder L\u00f6ffelweise<\/a>, welche sich auf Sch\u00e4den materieller oder ideeller Art beziehen, die durch die Nutzung oder Nichtnutzung der dargebotenen Informationen bzw. durch die Nutzung fehlerhafter und unvollst\u00e4ndiger Informationen verursacht wurden sind grunds\u00e4tzlich ausgeschlossen, sofern seitens der Firma <a href=\"https:\/\/detmolder-loeffelweise.de\/\">Detmolder L\u00f6ffelweise<\/a> kein nachweislich vors\u00e4tzliches oder grob fahrl\u00e4ssiges Verschulden vorliegt. Alle Angebote sind freibleibend und unverbindlich. Die Firma Detmolder L\u00f6ffelweise beh\u00e4lt es sich ausdr\u00fccklich vor, Teile der Seiten oder das gesamte Angebot ohne gesonderte Ank\u00fcndigung zu ver\u00e4ndern, zu erg\u00e4nzen, zu l\u00f6schen oder die Ver\u00f6ffentlichung zeitweise oder endg\u00fcltig einzustellen.&nbsp;<\/p>\n<p>Als Diensteanbieter sind wir gem\u00e4\u00df \u00a7 7 Abs.1 TMG f\u00fcr eigene Inhalte auf diesen Seiten nach den allgemeinen Gesetzen verantwortlich. Nach \u00a7\u00a7 8 bis 10 TMG sind wir als Diensteanbieter jedoch nicht verpflichtet, \u00fcbermittelte oder gespeicherte fremde Informationen zu \u00fcberwachen oder nach Umst\u00e4nden zu forschen, die auf eine rechtswidrige T\u00e4tigkeit hinweisen.<\/p>\n<p>Verpflichtungen zur Entfernung oder Sperrung der Nutzung von Informationen nach den allgemeinen Gesetzen bleiben hiervon unber\u00fchrt. Eine diesbez\u00fcgliche Haftung ist jedoch erst ab dem Zeitpunkt der Kenntnis einer konkreten Rechtsverletzung m\u00f6glich. Bei Bekanntwerden von entsprechenden Rechtsverletzungen werden wir diese Inhalte umgehend entfernen.<\/p>\n<p><strong>2. Verweise und Links:<\/strong> Bei direkten oder indirekten Verweisen auf fremde Internetseiten (&#8222;Links&#8220;), die au\u00dferhalb des Verantwortungsbereiches der Firma <a href=\"https:\/\/detmolder-loeffelweise.de\/\">Detmolder L\u00f6ffelweise<\/a> liegen, w\u00fcrde eine Haftungsverpflichtung ausschlie\u00dflich in dem Fall in Kraft treten, in dem die Firma Detmolder L\u00f6ffelweise von den Inhalten Kenntnis hat und es ihm technisch m\u00f6glich und zumutbar w\u00e4re, die Nutzung im Falle rechtswidriger Inhalte zu verhindern. Die Firma <a href=\"https:\/\/detmolder-loeffelweise.de\/\">Detmolder L\u00f6ffelweise<\/a> erkl\u00e4rt daher ausdr\u00fccklich, dass zum Zeitpunkt der Linksetzung die entsprechenden verlinkten Seiten frei von illegalen Inhalten waren. Die Firma Detmolder L\u00f6ffelweise hat keinerlei Einfluss auf die aktuelle und zuk\u00fcnftige Gestaltung und auf die Inhalte der gelinkten\/verkn\u00fcpften Seiten. Deshalb distanziert er sich hiermit ausdr\u00fccklich von allen Inhalten aller gelinkten\/verkn\u00fcpften Seiten, die nach der Linksetzung ver\u00e4ndert wurden. Diese Feststellung gilt f\u00fcr alle innerhalb des eigenen Internetangebotes gesetzten Links und Verweise sowie f\u00fcr Fremdeintr\u00e4ge in vom <a href=\"https:\/\/detmolder-loeffelweise.de\/\">Detmolder L\u00f6ffelweise<\/a> eingerichteten G\u00e4steb\u00fcchern, Diskussionsforen und Mailinglisten. F\u00fcr illegale, fehlerhafte oder unvollst\u00e4ndige Inhalte und insbesondere f\u00fcr Sch\u00e4den, die aus der Nutzung oder Nichtnutzung solcherart dargebotener Informationen entstehen, haftet allein der Anbieter der Seite, auf welche verwiesen wurde, nicht derjenige, der \u00fcber Links auf die jeweilige Ver\u00f6ffentlichung lediglich verweist. Bei Bekanntwerden von Rechtsverletzungen werden wir derartige Links umgehend entfernen.<\/p>\n<p><strong>3. Urheber- und Kennzeichenrecht:<\/strong> Die Firma <a href=\"https:\/\/detmolder-loeffelweise.de\/\">Detmolder L\u00f6ffelweise<\/a> ist bestrebt, in allen Publikationen die Urheberrechte der verwendeten Grafiken, Tondokumente, Videosequenzen und Texte zu beachten, von ihm selbst erstellte Grafiken, Tondokumente, Video- sequenzen und Texte zu nutzen oder auf lizenzfreie Grafiken, Tondokumente, Videosequenzen und Texte zur\u00fcck- zugreifen. Alle innerhalb des Internetangebotes genannten und ggf. durch Dritte gesch\u00fctzten Marken- und Waren-zeichen unterliegen uneingeschr\u00e4nkt den Bestimmungen des jeweils g\u00fcltigen Kennzeichenrechts und den Besitzrechten der jeweiligen eingetragenen Eigent\u00fcmer. Allein aufgrund der blo\u00dfen Nennung ist nicht der Schluss zu ziehen, dass Markenzeichen nicht durch Rechte Dritter gesch\u00fctzt sind! Das Copyright f\u00fcr ver\u00f6ffentlichte, von der Firma <a href=\"https:\/\/detmolder-loeffelweise.de\/\">Detmolder L\u00f6ffelweise<\/a> selbst erstellte Objekte bleibt allein beim Detmolder L\u00f6ffelweise als Herausgeber der Seiten. Eine Vervielf\u00e4ltigung oder Verwendung solcher Grafiken, Tondokumente, Videosequenzen und Texte in anderen elektronischen oder gedruckten Publikationen ist ohne ausdr\u00fcckliche Zustimmung der Firma Detmolder L\u00f6ffelweise nicht gestattet.<\/p>\n<p><strong>4. <a href=\"https:\/\/detmolder-loeffelweise.de\/index.php\/datenschutzerklaerung\/\">Datenschutz<\/a>:<\/strong> Personenbezogene Daten wie Name, Adresse, Telefonnummer oder E-Mail, die wir bei unseren Web-Aktivit\u00e4ten in allen L\u00e4ndern, in denen wir Websites unterhalten, erheben und verwalten, geschehen in \u00dcbereinstimmung mit den nationalen Gesetzen zum Datenschutz und zur Datensicherheit. Sie bestimmen dar\u00fcber, ob Sie uns, etwa im Rahmen einer Anfrage o. \u00e4., personenbezogene Daten bekannt geben wollen oder nicht. Im Allgemeinen werden Ihre Daten nur per E-Mail an die vorgesehene E-Mail-Adresse gesendet und nicht gespeichert. Ihre personenbezogenen Daten verwenden wir nur, um Ihre Anfrage zu beantworten oder Ihnen spezielle Informationen oder Angebote zu verschaffen. Zur Pflege der Kundenbeziehungen kann es weiterhin n\u00f6tig sein: &#8211; dass wir Ihre personenbezogenen Daten speichern, verarbeiten- dass wir (oder ein Dritter in unserem Auftrag) diese Daten verwenden, um Sie \u00fcber unsere Angebote zu informieren. Das \u00c4ndern, L\u00f6schen oder Sperren von gespeicherten Daten kann jederzeit per E-Mail beantragt werden. Nutzerprofile mit oder ohne Personenbezug werden nicht erstellt. Selbstverst\u00e4ndlich respektieren wir es, wenn Sie uns Ihre personenbezogenen Daten nicht zur Unterst\u00fctzung unserer Kundenbeziehung \u00fcberlassen wollen. Wir werden Ihre personenbezogenen Daten weder an Dritte verkaufen noch anderweitig vermarkten. Wenn Sie auf unsere Websites zugreifen, werden zum Zwecke unserer Web-Statistik automatisch Informationen gesammelt, die nicht einer bestimmten Person zugeordnet sind (z.B. IP-Adresse, Internet-Browser und Betriebssystem; Domain-Name der Website, von der Sie kamen; Anzahl der Besuche, durchschnittliche Verweilzeit, aufgerufene Seiten). Eine Auswertung der Daten erfolgt nur in anonymisierter Form. Es werden auch keine Cookies oder aktiven Inhalte verwendet. Wir verwenden diese Informationen, um die Attraktivit\u00e4t unserer Websites zu ermitteln und deren Inhalt zu verbessern. Es werden Vorkehrungen getroffen, um die Sicherheit Ihrer personenbezogenen Daten zu gew\u00e4hrleisten. Ihre Daten werden gewissenhaft vor Verlust, Zerst\u00f6rung, Verf\u00e4lschung, Manipulation und unberechtigtem Zugriff oder unberechtigter Offenlegung gesch\u00fctzt. Unsere Websites enthalten Links zu anderen Websites. Wir sind f\u00fcr die Datenschutzstrategien oder den Inhalt dieser anderen Websites nicht verantwortlich. Impressum 2020&nbsp;<\/p>\n<p><strong>5. Rechtswirksamkeit&nbsp;dieses Haftungsausschlusses:<\/strong> Dieser Haftungsausschluss ist als Teil des Internetangebotes zu betrachten, von dem aus auf diese Seite verwiesen wurde. Sofern Teile oder einzelne Formulierungen dieses Textes der geltenden Rechtslage nicht, nicht mehr oder nicht vollst\u00e4ndig entsprechen sollten, bleiben die \u00fcbrigen Teile des Dokumentes in ihrem Inhalt und ihrer G\u00fcltigkeit davon unber\u00fchrt.<\/p>\n<p>Impressum 2020<\/p>\n","protected":false},"excerpt":{"rendered":"<p>Impressum Angaben des Detmolder L\u00f6ffelweise zum Impressum gem\u00e4\u00df \u00a7 5 TMG: Detmolder L\u00f6ffelweise Inh.&nbsp;Dipl.-Ing.(FH) V. Tippenhauer Krumme Str. 31 32756 Detmold Steuernummer: 313\/5410\/1569 Verantwortlich f\u00fcr den Inhalt nach \u00a7 55 Abs. 2 RStV: Dipl.-Ing.(FH) V. Tippenhauer Krumme Str. 31 32756 <a class=\"more-link\" href=\"https:\/\/detmolder-loeffelweise.de\/index.php\/impressum\/\"><span class=\"screen-reader-text\">  Impressum<\/span> weiterlesen<span class=\"meta-nav\">&rarr;<\/span><\/a><\/p>\n","protected":false},"author":9,"featured_media":0,"parent":0,"menu_order":15,"comment_status":"closed","ping_status":"closed","template":"page-fullwidth.php","meta":{"_monsterinsights_skip_tracking":false,"_monsterinsights_sitenote_active":false,"_monsterinsights_sitenote_note":"","_monsterinsights_sitenote_category":0,"ngg_post_thumbnail":0,"footnotes":""},"class_list":["post-41","page","type-page","status-publish","hentry"],"yoast_head":"<!-- This site is optimized with the Yoast SEO plugin v27.4 - https:\/\/yoast.com\/product\/yoast-seo-wordpress\/ -->\n<title>Impressum f\u00fcr detmolder-loeffelweise.de<\/title>\n<meta name=\"description\" content=\"Impressum der Verantwortlichkeit f\u00fcr Inhalte und Websitegestaltung, sowie des Haftungsausschlusses f\u00fcr detmolder-loeffelweise.de\" \/>\n<meta name=\"robots\" content=\"index, follow, max-snippet:-1, max-image-preview:large, max-video-preview:-1\" \/>\n<link rel=\"canonical\" href=\"https:\/\/detmolder-loeffelweise.de\/index.php\/impressum\/\" \/>\n<meta property=\"og:locale\" content=\"de_DE\" \/>\n<meta property=\"og:type\" content=\"article\" \/>\n<meta property=\"og:title\" content=\"Impressum f\u00fcr detmolder-loeffelweise.de\" \/>\n<meta property=\"og:description\" content=\"Impressum der Verantwortlichkeit f\u00fcr Inhalte und Websitegestaltung, sowie des Haftungsausschlusses f\u00fcr detmolder-loeffelweise.de\" \/>\n<meta property=\"og:url\" content=\"https:\/\/detmolder-loeffelweise.de\/index.php\/impressum\/\" \/>\n<meta property=\"article:publisher\" content=\"https:\/\/www.facebook.com\/Detmolder.Loeffelweise\" \/>\n<meta property=\"article:modified_time\" content=\"2026-01-04T17:38:14+00:00\" \/>\n<meta property=\"og:image\" content=\"https:\/\/detmolder-loeffelweise.de\/wp-content\/uploads\/2015\/05\/erbse.jpg\" \/>\n\t<meta property=\"og:image:width\" content=\"664\" \/>\n\t<meta property=\"og:image:height\" content=\"672\" \/>\n\t<meta property=\"og:image:type\" content=\"image\/jpeg\" \/>\n<meta name=\"twitter:card\" content=\"summary_large_image\" \/>\n<meta name=\"twitter:label1\" content=\"Gesch\u00e4tzte Lesezeit\" \/>\n\t<meta name=\"twitter:data1\" content=\"5\u00a0Minuten\" \/>\n<script type=\"application\/ld+json\" class=\"yoast-schema-graph\">{\"@context\":\"https:\\\/\\\/schema.org\",\"@graph\":[{\"@type\":\"WebPage\",\"@id\":\"https:\\\/\\\/detmolder-loeffelweise.de\\\/index.php\\\/impressum\\\/\",\"url\":\"https:\\\/\\\/detmolder-loeffelweise.de\\\/index.php\\\/impressum\\\/\",\"name\":\"Impressum f\u00fcr detmolder-loeffelweise.de\",\"isPartOf\":{\"@id\":\"https:\\\/\\\/detmolder-loeffelweise.de\\\/#website\"},\"primaryImageOfPage\":{\"@id\":\"https:\\\/\\\/detmolder-loeffelweise.de\\\/index.php\\\/impressum\\\/#primaryimage\"},\"image\":{\"@id\":\"https:\\\/\\\/detmolder-loeffelweise.de\\\/index.php\\\/impressum\\\/#primaryimage\"},\"thumbnailUrl\":\"http:\\\/\\\/dtlw.detmolder-loeffelweise.de\\\/wp-content\\\/uploads\\\/2015\\\/05\\\/erbse.jpg\",\"datePublished\":\"2015-05-19T13:52:24+00:00\",\"dateModified\":\"2026-01-04T17:38:14+00:00\",\"description\":\"Impressum der Verantwortlichkeit f\u00fcr Inhalte und Websitegestaltung, sowie des Haftungsausschlusses f\u00fcr detmolder-loeffelweise.de\",\"breadcrumb\":{\"@id\":\"https:\\\/\\\/detmolder-loeffelweise.de\\\/index.php\\\/impressum\\\/#breadcrumb\"},\"inLanguage\":\"de\",\"potentialAction\":[{\"@type\":\"ReadAction\",\"target\":[\"https:\\\/\\\/detmolder-loeffelweise.de\\\/index.php\\\/impressum\\\/\"]}]},{\"@type\":\"ImageObject\",\"inLanguage\":\"de\",\"@id\":\"https:\\\/\\\/detmolder-loeffelweise.de\\\/index.php\\\/impressum\\\/#primaryimage\",\"url\":\"http:\\\/\\\/dtlw.detmolder-loeffelweise.de\\\/wp-content\\\/uploads\\\/2015\\\/05\\\/erbse.jpg\",\"contentUrl\":\"http:\\\/\\\/dtlw.detmolder-loeffelweise.de\\\/wp-content\\\/uploads\\\/2015\\\/05\\\/erbse.jpg\"},{\"@type\":\"BreadcrumbList\",\"@id\":\"https:\\\/\\\/detmolder-loeffelweise.de\\\/index.php\\\/impressum\\\/#breadcrumb\",\"itemListElement\":[{\"@type\":\"ListItem\",\"position\":1,\"name\":\"Startseite\",\"item\":\"https:\\\/\\\/detmolder-loeffelweise.de\\\/\"},{\"@type\":\"ListItem\",\"position\":2,\"name\":\"Impressum\"}]},{\"@type\":\"WebSite\",\"@id\":\"https:\\\/\\\/detmolder-loeffelweise.de\\\/#website\",\"url\":\"https:\\\/\\\/detmolder-loeffelweise.de\\\/\",\"name\":\"Detmolder L\u00f6ffelweise\",\"description\":\"\",\"publisher\":{\"@id\":\"https:\\\/\\\/detmolder-loeffelweise.de\\\/#organization\"},\"potentialAction\":[{\"@type\":\"SearchAction\",\"target\":{\"@type\":\"EntryPoint\",\"urlTemplate\":\"https:\\\/\\\/detmolder-loeffelweise.de\\\/?s={search_term_string}\"},\"query-input\":{\"@type\":\"PropertyValueSpecification\",\"valueRequired\":true,\"valueName\":\"search_term_string\"}}],\"inLanguage\":\"de\"},{\"@type\":\"Organization\",\"@id\":\"https:\\\/\\\/detmolder-loeffelweise.de\\\/#organization\",\"name\":\"Detmolder L\u00f6ffelweise\",\"url\":\"https:\\\/\\\/detmolder-loeffelweise.de\\\/\",\"logo\":{\"@type\":\"ImageObject\",\"inLanguage\":\"de\",\"@id\":\"https:\\\/\\\/detmolder-loeffelweise.de\\\/#\\\/schema\\\/logo\\\/image\\\/\",\"url\":\"https:\\\/\\\/detmolder-loeffelweise.de\\\/wp-content\\\/uploads\\\/2019\\\/12\\\/cropped-LOGO_DTLW.png\",\"contentUrl\":\"https:\\\/\\\/detmolder-loeffelweise.de\\\/wp-content\\\/uploads\\\/2019\\\/12\\\/cropped-LOGO_DTLW.png\",\"width\":655,\"height\":105,\"caption\":\"Detmolder L\u00f6ffelweise\"},\"image\":{\"@id\":\"https:\\\/\\\/detmolder-loeffelweise.de\\\/#\\\/schema\\\/logo\\\/image\\\/\"},\"sameAs\":[\"https:\\\/\\\/www.facebook.com\\\/Detmolder.Loeffelweise\",\"https:\\\/\\\/instagram.com\\\/detmolderloeffelweise\\\/\"]}]}<\/script>\n<!-- \/ Yoast SEO plugin. -->","yoast_head_json":{"title":"Impressum f\u00fcr detmolder-loeffelweise.de","description":"Impressum der Verantwortlichkeit f\u00fcr Inhalte und Websitegestaltung, sowie des Haftungsausschlusses f\u00fcr detmolder-loeffelweise.de","robots":{"index":"index","follow":"follow","max-snippet":"max-snippet:-1","max-image-preview":"max-image-preview:large","max-video-preview":"max-video-preview:-1"},"canonical":"https:\/\/detmolder-loeffelweise.de\/index.php\/impressum\/","og_locale":"de_DE","og_type":"article","og_title":"Impressum f\u00fcr detmolder-loeffelweise.de","og_description":"Impressum der Verantwortlichkeit f\u00fcr Inhalte und Websitegestaltung, sowie des Haftungsausschlusses f\u00fcr detmolder-loeffelweise.de","og_url":"https:\/\/detmolder-loeffelweise.de\/index.php\/impressum\/","article_publisher":"https:\/\/www.facebook.com\/Detmolder.Loeffelweise","article_modified_time":"2026-01-04T17:38:14+00:00","og_image":[{"width":664,"height":672,"url":"https:\/\/detmolder-loeffelweise.de\/wp-content\/uploads\/2015\/05\/erbse.jpg","type":"image\/jpeg"}],"twitter_card":"summary_large_image","twitter_misc":{"Gesch\u00e4tzte Lesezeit":"5\u00a0Minuten"},"schema":{"@context":"https:\/\/schema.org","@graph":[{"@type":"WebPage","@id":"https:\/\/detmolder-loeffelweise.de\/index.php\/impressum\/","url":"https:\/\/detmolder-loeffelweise.de\/index.php\/impressum\/","name":"Impressum f\u00fcr detmolder-loeffelweise.de","isPartOf":{"@id":"https:\/\/detmolder-loeffelweise.de\/#website"},"primaryImageOfPage":{"@id":"https:\/\/detmolder-loeffelweise.de\/index.php\/impressum\/#primaryimage"},"image":{"@id":"https:\/\/detmolder-loeffelweise.de\/index.php\/impressum\/#primaryimage"},"thumbnailUrl":"http:\/\/dtlw.detmolder-loeffelweise.de\/wp-content\/uploads\/2015\/05\/erbse.jpg","datePublished":"2015-05-19T13:52:24+00:00","dateModified":"2026-01-04T17:38:14+00:00","description":"Impressum der Verantwortlichkeit f\u00fcr Inhalte und Websitegestaltung, sowie des Haftungsausschlusses f\u00fcr detmolder-loeffelweise.de","breadcrumb":{"@id":"https:\/\/detmolder-loeffelweise.de\/index.php\/impressum\/#breadcrumb"},"inLanguage":"de","potentialAction":[{"@type":"ReadAction","target":["https:\/\/detmolder-loeffelweise.de\/index.php\/impressum\/"]}]},{"@type":"ImageObject","inLanguage":"de","@id":"https:\/\/detmolder-loeffelweise.de\/index.php\/impressum\/#primaryimage","url":"http:\/\/dtlw.detmolder-loeffelweise.de\/wp-content\/uploads\/2015\/05\/erbse.jpg","contentUrl":"http:\/\/dtlw.detmolder-loeffelweise.de\/wp-content\/uploads\/2015\/05\/erbse.jpg"},{"@type":"BreadcrumbList","@id":"https:\/\/detmolder-loeffelweise.de\/index.php\/impressum\/#breadcrumb","itemListElement":[{"@type":"ListItem","position":1,"name":"Startseite","item":"https:\/\/detmolder-loeffelweise.de\/"},{"@type":"ListItem","position":2,"name":"Impressum"}]},{"@type":"WebSite","@id":"https:\/\/detmolder-loeffelweise.de\/#website","url":"https:\/\/detmolder-loeffelweise.de\/","name":"Detmolder L\u00f6ffelweise","description":"","publisher":{"@id":"https:\/\/detmolder-loeffelweise.de\/#organization"},"potentialAction":[{"@type":"SearchAction","target":{"@type":"EntryPoint","urlTemplate":"https:\/\/detmolder-loeffelweise.de\/?s={search_term_string}"},"query-input":{"@type":"PropertyValueSpecification","valueRequired":true,"valueName":"search_term_string"}}],"inLanguage":"de"},{"@type":"Organization","@id":"https:\/\/detmolder-loeffelweise.de\/#organization","name":"Detmolder L\u00f6ffelweise","url":"https:\/\/detmolder-loeffelweise.de\/","logo":{"@type":"ImageObject","inLanguage":"de","@id":"https:\/\/detmolder-loeffelweise.de\/#\/schema\/logo\/image\/","url":"https:\/\/detmolder-loeffelweise.de\/wp-content\/uploads\/2019\/12\/cropped-LOGO_DTLW.png","contentUrl":"https:\/\/detmolder-loeffelweise.de\/wp-content\/uploads\/2019\/12\/cropped-LOGO_DTLW.png","width":655,"height":105,"caption":"Detmolder L\u00f6ffelweise"},"image":{"@id":"https:\/\/detmolder-loeffelweise.de\/#\/schema\/logo\/image\/"},"sameAs":["https:\/\/www.facebook.com\/Detmolder.Loeffelweise","https:\/\/instagram.com\/detmolderloeffelweise\/"]}]}},"_links":{"self":[{"href":"https:\/\/detmolder-loeffelweise.de\/index.php\/wp-json\/wp\/v2\/pages\/41","targetHints":{"allow":["GET"]}}],"collection":[{"href":"https:\/\/detmolder-loeffelweise.de\/index.php\/wp-json\/wp\/v2\/pages"}],"about":[{"href":"https:\/\/detmolder-loeffelweise.de\/index.php\/wp-json\/wp\/v2\/types\/page"}],"author":[{"embeddable":true,"href":"https:\/\/detmolder-loeffelweise.de\/index.php\/wp-json\/wp\/v2\/users\/9"}],"replies":[{"embeddable":true,"href":"https:\/\/detmolder-loeffelweise.de\/index.php\/wp-json\/wp\/v2\/comments?post=41"}],"version-history":[{"count":3,"href":"https:\/\/detmolder-loeffelweise.de\/index.php\/wp-json\/wp\/v2\/pages\/41\/revisions"}],"predecessor-version":[{"id":4541,"href":"https:\/\/detmolder-loeffelweise.de\/index.php\/wp-json\/wp\/v2\/pages\/41\/revisions\/4541"}],"wp:attachment":[{"href":"https:\/\/detmolder-loeffelweise.de\/index.php\/wp-json\/wp\/v2\/media?parent=41"}],"curies":[{"name":"wp","href":"https:\/\/api.w.org\/{rel}","templated":true}]}}