{"id":410,"date":"2015-05-22T10:43:38","date_gmt":"2015-05-22T08:43:38","guid":{"rendered":"http:\/\/detmolder-loeffelweise.de\/?page_id=410"},"modified":"2021-04-13T09:01:06","modified_gmt":"2021-04-13T07:01:06","slug":"saefte-limonaden","status":"publish","type":"page","link":"https:\/\/detmolder-loeffelweise.de\/index.php\/saefte-limonaden\/","title":{"rendered":"S\u00e4fte &#038; Limonaden und mehr&#8230;"},"content":{"rendered":"<h1><strong>S\u00e4fte&nbsp;&amp; <span style=\"color: #ff0000;\">Limonaden<\/span><\/strong><\/h1>\n<h6>Zu&nbsp;unseren <a href=\"https:\/\/detmolder-loeffelweise.de\/index.php\/loeffelgerichte\/\">L\u00f6ffelgerichten<\/a> bieten wir Ihnen eine umfangreiche Auswahl an frisch gepressten S\u00e4ften, Limonaden, Mineralwasser sowie Kaffee und Teevariationen an. Auch bei den Getr\u00e4nken liegt unser Augenmerk auf Qualit\u00e4t und Nachhaltigkeit.<\/h6>\n<h6>&nbsp;<\/h6>\n<h6><span style=\"font-family: arial, helvetica, sans-serif; font-size: 12pt;\"><strong>Frisch gepresste S\u00e4fte<\/strong><\/span><\/h6>\n<h6>&nbsp;<\/h6>\n<h6><span style=\"font-family: arial, helvetica, sans-serif; font-size: 12pt;\">Die S\u00e4fte werden direkt nach <\/span><span style=\"font-family: arial, helvetica, sans-serif; font-size: 12pt;\">Ihrer Bestellung frisch&nbsp;gepresst bzw. entsaftet. So bleiben alle wertvollen Inhaltsstoffe der frischen Obstsorten f\u00fcr Sie erhalten.<\/span><\/h6>\n<h6>&nbsp;<\/h6>\n<h6><span style=\"text-decoration: underline;\"><strong><span style=\"font-family: arial, helvetica, sans-serif; font-size: 12pt;\">Folgende Getr\u00e4nke-Variationen bieten wir Ihnen an:<\/span><\/strong><\/span><\/h6>\n<h6>&nbsp;<\/h6>\n<h6><strong>S\u00e4fte:<\/strong><\/h6>\n<h6><span style=\"font-family: arial, helvetica, sans-serif; font-size: 12pt;\">M\u00f6hre-Orange, M<\/span>\u00f6hre-Apfel, Apfel-Sellerie, M\u00f6hre-Orange-Apfel (auch Dreierlei genannt) sowie Orangensaft<\/h6>\n<h6>&nbsp;<\/h6>\n<h6><strong>Smoothies:<\/strong><\/h6>\n<h6>Der Gr\u00fcne &#8211; Banane, Apfel und Spinat<br \/>\nDer Gelbe &#8211; Maracuja, Ingwer, Banane u. Curcuma<br \/>\nDer Rote &#8211; mit Beeren und Joghurt<br \/>\nDer Bunte &#8211; Orange, Kiwi, Apfel<br \/>\nMango-Lassi &#8211; mit Joghurt<\/h6>\n<h6>&nbsp;<\/h6>\n<h6 style=\"text-align: left;\"><span style=\"font-size: 12pt; font-family: arial, helvetica, sans-serif;\"><strong>Limonaden:&nbsp;<\/strong><\/span><\/h6>\n<h6 style=\"text-align: left;\"><span style=\"font-family: arial, helvetica, sans-serif;\"><span style=\"font-size: 12pt;\"><span style=\"color: #ff0000;\">Unsere eigene<\/span><strong style=\"font-family: arial, helvetica, sans-serif; font-size: 12pt;\"><span style=\"color: #ff0000;\"> hausgemachte Zitronenlimonade<\/span><\/strong><span style=\"color: #000000;\">&nbsp;<\/span><\/span><\/span><\/h6>\n<h6>&nbsp;<\/h6>\n<h6>Aus Bielefeld, die Limonaden von <a href=\"http:\/\/limoment.de\/\" target=\"_blank\" rel=\"noopener noreferrer\">Limoment<\/a>.<\/h6>\n<h6>&nbsp;<\/h6>\n<h6>Bei uns erh\u00e4ltliche Sorten: Apfel-Minze, Eistee Birne-Gr\u00fcntee, Apfel-Rose und Durstspender<a href=\"https:\/\/limoment.de\/\"><img loading=\"lazy\" decoding=\"async\" class=\"aligncenter wp-image-3153 size-full\" src=\"https:\/\/detmolder-loeffelweise.de\/wp-content\/uploads\/2021\/04\/Limoment_Screenshot-2021-04-13-080432.jpg\" alt=\"Limonent\" width=\"1020\" height=\"887\" srcset=\"https:\/\/detmolder-loeffelweise.de\/wp-content\/uploads\/2021\/04\/Limoment_Screenshot-2021-04-13-080432.jpg 1020w, https:\/\/detmolder-loeffelweise.de\/wp-content\/uploads\/2021\/04\/Limoment_Screenshot-2021-04-13-080432-300x261.jpg 300w, https:\/\/detmolder-loeffelweise.de\/wp-content\/uploads\/2021\/04\/Limoment_Screenshot-2021-04-13-080432-768x668.jpg 768w\" sizes=\"auto, (max-width: 1020px) 100vw, 1020px\" \/><\/a><\/h6>\n<h6>Aus Hamburg, die Bio-Limonaden und Tees der Firma <a href=\"http:\/\/lemon-aid.de\/\" target=\"_blank\" rel=\"noopener noreferrer\">LemonAid<\/a> und <a href=\"http:\/\/charitea.com\/\" target=\"_blank\" rel=\"noopener noreferrer\">ChariTea<\/a>.&nbsp;<\/h6>\n<h6>&nbsp;<\/h6>\n<h6><span style=\"font-family: arial, helvetica, sans-serif; font-size: 12pt;\">Bei uns erh\u00e4ltliche Sorten: Limette, Maracuja und Blutorange oder Ingwer<br \/>\n<\/span><\/h6>\n<h6><a href=\"https:\/\/lemon-aid.de\/\"><img loading=\"lazy\" decoding=\"async\" class=\"aligncenter wp-image-134\" src=\"https:\/\/detmolder-loeffelweise.de\/wp-content\/uploads\/2015\/05\/Lemonaid_logo_sw2.jpg\" alt=\"link_lemonaid\" width=\"499\" height=\"123\"><\/a><\/h6>\n<h6><a href=\"https:\/\/lemon-aid.de\/\"><img loading=\"lazy\" decoding=\"async\" class=\"aligncenter wp-image-3154 size-full\" src=\"https:\/\/detmolder-loeffelweise.de\/wp-content\/uploads\/2021\/04\/LemonAID_Web_snip.jpg\" alt=\"web_snip_lemonaid\" width=\"1352\" height=\"582\" srcset=\"https:\/\/detmolder-loeffelweise.de\/wp-content\/uploads\/2021\/04\/LemonAID_Web_snip.jpg 1352w, https:\/\/detmolder-loeffelweise.de\/wp-content\/uploads\/2021\/04\/LemonAID_Web_snip-300x129.jpg 300w, https:\/\/detmolder-loeffelweise.de\/wp-content\/uploads\/2021\/04\/LemonAID_Web_snip-1024x441.jpg 1024w, https:\/\/detmolder-loeffelweise.de\/wp-content\/uploads\/2021\/04\/LemonAID_Web_snip-768x331.jpg 768w\" sizes=\"auto, (max-width: 1352px) 100vw, 1352px\" \/><\/a><\/h6>\n<h6 style=\"text-align: left;\"><span style=\"font-family: arial, helvetica, sans-serif; font-size: 12pt;\">Bei uns erh\u00e4ltliche Sorten: <span class=\"xr_tl\">Black, <\/span><span class=\"xr_tl\">Red,&nbsp;<\/span><span class=\"xr_tl\">Green, und <\/span><span class=\"xr_tl\">Mate.<\/span><\/span><\/h6>\n<h6><a href=\"https:\/\/charitea.com\/\"><img loading=\"lazy\" decoding=\"async\" class=\"aligncenter wp-image-133 \" src=\"https:\/\/detmolder-loeffelweise.de\/wp-content\/uploads\/2015\/05\/Charitea_logo.jpg\" alt=\"link_charitea\" width=\"501\" height=\"132\"><\/a><\/h6>\n<p><a href=\"https:\/\/charitea.com\/\"><img loading=\"lazy\" decoding=\"async\" class=\"aligncenter wp-image-3155 size-full\" src=\"https:\/\/detmolder-loeffelweise.de\/wp-content\/uploads\/2021\/04\/ChariTea_webSnip.jpg\" alt=\"web_snip_charitea\" width=\"1786\" height=\"590\" srcset=\"https:\/\/detmolder-loeffelweise.de\/wp-content\/uploads\/2021\/04\/ChariTea_webSnip.jpg 1786w, https:\/\/detmolder-loeffelweise.de\/wp-content\/uploads\/2021\/04\/ChariTea_webSnip-300x99.jpg 300w, https:\/\/detmolder-loeffelweise.de\/wp-content\/uploads\/2021\/04\/ChariTea_webSnip-1024x338.jpg 1024w, https:\/\/detmolder-loeffelweise.de\/wp-content\/uploads\/2021\/04\/ChariTea_webSnip-768x254.jpg 768w, https:\/\/detmolder-loeffelweise.de\/wp-content\/uploads\/2021\/04\/ChariTea_webSnip-1536x507.jpg 1536w\" sizes=\"auto, (max-width: 1786px) 100vw, 1786px\" \/><\/a><\/p>\n<p style=\"text-align: left;\">Unser Kaffee ist ein Bio-R\u00f6stkaffe der Firma <a href=\"https:\/\/www.kaffeewelt-eisbrenner.de\/\" target=\"_blank\" rel=\"noopener noreferrer\">Eisbrenner<\/a>&nbsp;aus Bielefeld.<\/p>\n<h6>&nbsp;<\/h6>\n<p>&nbsp;<\/p>\n<p style=\"text-align: left;\">&nbsp;<\/p>\n","protected":false},"excerpt":{"rendered":"<p>S\u00e4fte&nbsp;&amp; Limonaden Zu&nbsp;unseren L\u00f6ffelgerichten bieten wir Ihnen eine umfangreiche Auswahl an frisch gepressten S\u00e4ften, Limonaden, Mineralwasser sowie Kaffee und Teevariationen an. Auch bei den Getr\u00e4nken liegt unser Augenmerk auf Qualit\u00e4t und Nachhaltigkeit. &nbsp; Frisch gepresste S\u00e4fte &nbsp; Die S\u00e4fte werden <a class=\"more-link\" href=\"https:\/\/detmolder-loeffelweise.de\/index.php\/saefte-limonaden\/\"><span class=\"screen-reader-text\">  S\u00e4fte &#038; Limonaden und mehr&#8230;<\/span> weiterlesen<span class=\"meta-nav\">&rarr;<\/span><\/a><\/p>\n","protected":false},"author":9,"featured_media":0,"parent":0,"menu_order":2,"comment_status":"closed","ping_status":"closed","template":"","meta":{"_monsterinsights_skip_tracking":false,"_monsterinsights_sitenote_active":false,"_monsterinsights_sitenote_note":"","_monsterinsights_sitenote_category":0,"ngg_post_thumbnail":0,"footnotes":""},"class_list":["post-410","page","type-page","status-publish","hentry"],"yoast_head":"<!-- This site is optimized with the Yoast SEO plugin v27.5 - https:\/\/yoast.com\/product\/yoast-seo-wordpress\/ -->\n<title>S\u00e4fte &amp; Limonaden<\/title>\n<meta name=\"description\" content=\"Limonaden und frisch gepresste S\u00e4fte! Die S\u00e4fte werden direkt nach der Bestellung frisch\u00a0gepresst. So bleiben wertvollen Inhaltsstoffe erhalten.\" \/>\n<meta name=\"robots\" content=\"index, follow, max-snippet:-1, max-image-preview:large, max-video-preview:-1\" \/>\n<link rel=\"canonical\" href=\"https:\/\/detmolder-loeffelweise.de\/index.php\/saefte-limonaden\/\" \/>\n<meta property=\"og:locale\" content=\"de_DE\" \/>\n<meta property=\"og:type\" content=\"article\" \/>\n<meta property=\"og:title\" content=\"S\u00e4fte &amp; Limonaden\" \/>\n<meta property=\"og:description\" content=\"Limonaden und frisch gepresste S\u00e4fte! Die S\u00e4fte werden direkt nach der Bestellung frisch\u00a0gepresst. So bleiben wertvollen Inhaltsstoffe erhalten.\" \/>\n<meta property=\"og:url\" content=\"https:\/\/detmolder-loeffelweise.de\/index.php\/saefte-limonaden\/\" \/>\n<meta property=\"article:publisher\" content=\"https:\/\/www.facebook.com\/Detmolder.Loeffelweise\" \/>\n<meta property=\"article:modified_time\" content=\"2021-04-13T07:01:06+00:00\" \/>\n<meta property=\"og:image\" content=\"https:\/\/detmolder-loeffelweise.de\/wp-content\/uploads\/2021\/04\/Limoment_Screenshot-2021-04-13-080432.jpg\" \/>\n<meta name=\"twitter:card\" content=\"summary_large_image\" \/>\n<meta name=\"twitter:label1\" content=\"Gesch\u00e4tzte Lesezeit\" \/>\n\t<meta name=\"twitter:data1\" content=\"2\u00a0Minuten\" \/>\n<script type=\"application\/ld+json\" class=\"yoast-schema-graph\">{\"@context\":\"https:\\\/\\\/schema.org\",\"@graph\":[{\"@type\":\"WebPage\",\"@id\":\"https:\\\/\\\/detmolder-loeffelweise.de\\\/index.php\\\/saefte-limonaden\\\/\",\"url\":\"https:\\\/\\\/detmolder-loeffelweise.de\\\/index.php\\\/saefte-limonaden\\\/\",\"name\":\"S\u00e4fte & Limonaden\",\"isPartOf\":{\"@id\":\"https:\\\/\\\/detmolder-loeffelweise.de\\\/#website\"},\"primaryImageOfPage\":{\"@id\":\"https:\\\/\\\/detmolder-loeffelweise.de\\\/index.php\\\/saefte-limonaden\\\/#primaryimage\"},\"image\":{\"@id\":\"https:\\\/\\\/detmolder-loeffelweise.de\\\/index.php\\\/saefte-limonaden\\\/#primaryimage\"},\"thumbnailUrl\":\"https:\\\/\\\/detmolder-loeffelweise.de\\\/wp-content\\\/uploads\\\/2021\\\/04\\\/Limoment_Screenshot-2021-04-13-080432.jpg\",\"datePublished\":\"2015-05-22T08:43:38+00:00\",\"dateModified\":\"2021-04-13T07:01:06+00:00\",\"description\":\"Limonaden und frisch gepresste S\u00e4fte! Die S\u00e4fte werden direkt nach der Bestellung frisch\u00a0gepresst. So bleiben wertvollen Inhaltsstoffe erhalten.\",\"breadcrumb\":{\"@id\":\"https:\\\/\\\/detmolder-loeffelweise.de\\\/index.php\\\/saefte-limonaden\\\/#breadcrumb\"},\"inLanguage\":\"de\",\"potentialAction\":[{\"@type\":\"ReadAction\",\"target\":[\"https:\\\/\\\/detmolder-loeffelweise.de\\\/index.php\\\/saefte-limonaden\\\/\"]}]},{\"@type\":\"ImageObject\",\"inLanguage\":\"de\",\"@id\":\"https:\\\/\\\/detmolder-loeffelweise.de\\\/index.php\\\/saefte-limonaden\\\/#primaryimage\",\"url\":\"https:\\\/\\\/detmolder-loeffelweise.de\\\/wp-content\\\/uploads\\\/2021\\\/04\\\/Limoment_Screenshot-2021-04-13-080432.jpg\",\"contentUrl\":\"https:\\\/\\\/detmolder-loeffelweise.de\\\/wp-content\\\/uploads\\\/2021\\\/04\\\/Limoment_Screenshot-2021-04-13-080432.jpg\",\"width\":1020,\"height\":887,\"caption\":\"Limoment\"},{\"@type\":\"BreadcrumbList\",\"@id\":\"https:\\\/\\\/detmolder-loeffelweise.de\\\/index.php\\\/saefte-limonaden\\\/#breadcrumb\",\"itemListElement\":[{\"@type\":\"ListItem\",\"position\":1,\"name\":\"Startseite\",\"item\":\"https:\\\/\\\/detmolder-loeffelweise.de\\\/\"},{\"@type\":\"ListItem\",\"position\":2,\"name\":\"S\u00e4fte &#038; Limonaden und mehr&#8230;\"}]},{\"@type\":\"WebSite\",\"@id\":\"https:\\\/\\\/detmolder-loeffelweise.de\\\/#website\",\"url\":\"https:\\\/\\\/detmolder-loeffelweise.de\\\/\",\"name\":\"Detmolder L\u00f6ffelweise\",\"description\":\"\",\"publisher\":{\"@id\":\"https:\\\/\\\/detmolder-loeffelweise.de\\\/#organization\"},\"potentialAction\":[{\"@type\":\"SearchAction\",\"target\":{\"@type\":\"EntryPoint\",\"urlTemplate\":\"https:\\\/\\\/detmolder-loeffelweise.de\\\/?s={search_term_string}\"},\"query-input\":{\"@type\":\"PropertyValueSpecification\",\"valueRequired\":true,\"valueName\":\"search_term_string\"}}],\"inLanguage\":\"de\"},{\"@type\":\"Organization\",\"@id\":\"https:\\\/\\\/detmolder-loeffelweise.de\\\/#organization\",\"name\":\"Detmolder L\u00f6ffelweise\",\"url\":\"https:\\\/\\\/detmolder-loeffelweise.de\\\/\",\"logo\":{\"@type\":\"ImageObject\",\"inLanguage\":\"de\",\"@id\":\"https:\\\/\\\/detmolder-loeffelweise.de\\\/#\\\/schema\\\/logo\\\/image\\\/\",\"url\":\"https:\\\/\\\/detmolder-loeffelweise.de\\\/wp-content\\\/uploads\\\/2019\\\/12\\\/cropped-LOGO_DTLW.png\",\"contentUrl\":\"https:\\\/\\\/detmolder-loeffelweise.de\\\/wp-content\\\/uploads\\\/2019\\\/12\\\/cropped-LOGO_DTLW.png\",\"width\":655,\"height\":105,\"caption\":\"Detmolder L\u00f6ffelweise\"},\"image\":{\"@id\":\"https:\\\/\\\/detmolder-loeffelweise.de\\\/#\\\/schema\\\/logo\\\/image\\\/\"},\"sameAs\":[\"https:\\\/\\\/www.facebook.com\\\/Detmolder.Loeffelweise\",\"https:\\\/\\\/instagram.com\\\/detmolderloeffelweise\\\/\"]}]}<\/script>\n<!-- \/ Yoast SEO plugin. -->","yoast_head_json":{"title":"S\u00e4fte & Limonaden","description":"Limonaden und frisch gepresste S\u00e4fte! Die S\u00e4fte werden direkt nach der Bestellung frisch\u00a0gepresst. So bleiben wertvollen Inhaltsstoffe erhalten.","robots":{"index":"index","follow":"follow","max-snippet":"max-snippet:-1","max-image-preview":"max-image-preview:large","max-video-preview":"max-video-preview:-1"},"canonical":"https:\/\/detmolder-loeffelweise.de\/index.php\/saefte-limonaden\/","og_locale":"de_DE","og_type":"article","og_title":"S\u00e4fte & Limonaden","og_description":"Limonaden und frisch gepresste S\u00e4fte! Die S\u00e4fte werden direkt nach der Bestellung frisch\u00a0gepresst. So bleiben wertvollen Inhaltsstoffe erhalten.","og_url":"https:\/\/detmolder-loeffelweise.de\/index.php\/saefte-limonaden\/","article_publisher":"https:\/\/www.facebook.com\/Detmolder.Loeffelweise","article_modified_time":"2021-04-13T07:01:06+00:00","og_image":[{"url":"https:\/\/detmolder-loeffelweise.de\/wp-content\/uploads\/2021\/04\/Limoment_Screenshot-2021-04-13-080432.jpg","type":"","width":"","height":""}],"twitter_card":"summary_large_image","twitter_misc":{"Gesch\u00e4tzte Lesezeit":"2\u00a0Minuten"},"schema":{"@context":"https:\/\/schema.org","@graph":[{"@type":"WebPage","@id":"https:\/\/detmolder-loeffelweise.de\/index.php\/saefte-limonaden\/","url":"https:\/\/detmolder-loeffelweise.de\/index.php\/saefte-limonaden\/","name":"S\u00e4fte & Limonaden","isPartOf":{"@id":"https:\/\/detmolder-loeffelweise.de\/#website"},"primaryImageOfPage":{"@id":"https:\/\/detmolder-loeffelweise.de\/index.php\/saefte-limonaden\/#primaryimage"},"image":{"@id":"https:\/\/detmolder-loeffelweise.de\/index.php\/saefte-limonaden\/#primaryimage"},"thumbnailUrl":"https:\/\/detmolder-loeffelweise.de\/wp-content\/uploads\/2021\/04\/Limoment_Screenshot-2021-04-13-080432.jpg","datePublished":"2015-05-22T08:43:38+00:00","dateModified":"2021-04-13T07:01:06+00:00","description":"Limonaden und frisch gepresste S\u00e4fte! Die S\u00e4fte werden direkt nach der Bestellung frisch\u00a0gepresst. So bleiben wertvollen Inhaltsstoffe erhalten.","breadcrumb":{"@id":"https:\/\/detmolder-loeffelweise.de\/index.php\/saefte-limonaden\/#breadcrumb"},"inLanguage":"de","potentialAction":[{"@type":"ReadAction","target":["https:\/\/detmolder-loeffelweise.de\/index.php\/saefte-limonaden\/"]}]},{"@type":"ImageObject","inLanguage":"de","@id":"https:\/\/detmolder-loeffelweise.de\/index.php\/saefte-limonaden\/#primaryimage","url":"https:\/\/detmolder-loeffelweise.de\/wp-content\/uploads\/2021\/04\/Limoment_Screenshot-2021-04-13-080432.jpg","contentUrl":"https:\/\/detmolder-loeffelweise.de\/wp-content\/uploads\/2021\/04\/Limoment_Screenshot-2021-04-13-080432.jpg","width":1020,"height":887,"caption":"Limoment"},{"@type":"BreadcrumbList","@id":"https:\/\/detmolder-loeffelweise.de\/index.php\/saefte-limonaden\/#breadcrumb","itemListElement":[{"@type":"ListItem","position":1,"name":"Startseite","item":"https:\/\/detmolder-loeffelweise.de\/"},{"@type":"ListItem","position":2,"name":"S\u00e4fte &#038; Limonaden und mehr&#8230;"}]},{"@type":"WebSite","@id":"https:\/\/detmolder-loeffelweise.de\/#website","url":"https:\/\/detmolder-loeffelweise.de\/","name":"Detmolder L\u00f6ffelweise","description":"","publisher":{"@id":"https:\/\/detmolder-loeffelweise.de\/#organization"},"potentialAction":[{"@type":"SearchAction","target":{"@type":"EntryPoint","urlTemplate":"https:\/\/detmolder-loeffelweise.de\/?s={search_term_string}"},"query-input":{"@type":"PropertyValueSpecification","valueRequired":true,"valueName":"search_term_string"}}],"inLanguage":"de"},{"@type":"Organization","@id":"https:\/\/detmolder-loeffelweise.de\/#organization","name":"Detmolder L\u00f6ffelweise","url":"https:\/\/detmolder-loeffelweise.de\/","logo":{"@type":"ImageObject","inLanguage":"de","@id":"https:\/\/detmolder-loeffelweise.de\/#\/schema\/logo\/image\/","url":"https:\/\/detmolder-loeffelweise.de\/wp-content\/uploads\/2019\/12\/cropped-LOGO_DTLW.png","contentUrl":"https:\/\/detmolder-loeffelweise.de\/wp-content\/uploads\/2019\/12\/cropped-LOGO_DTLW.png","width":655,"height":105,"caption":"Detmolder L\u00f6ffelweise"},"image":{"@id":"https:\/\/detmolder-loeffelweise.de\/#\/schema\/logo\/image\/"},"sameAs":["https:\/\/www.facebook.com\/Detmolder.Loeffelweise","https:\/\/instagram.com\/detmolderloeffelweise\/"]}]}},"_links":{"self":[{"href":"https:\/\/detmolder-loeffelweise.de\/index.php\/wp-json\/wp\/v2\/pages\/410","targetHints":{"allow":["GET"]}}],"collection":[{"href":"https:\/\/detmolder-loeffelweise.de\/index.php\/wp-json\/wp\/v2\/pages"}],"about":[{"href":"https:\/\/detmolder-loeffelweise.de\/index.php\/wp-json\/wp\/v2\/types\/page"}],"author":[{"embeddable":true,"href":"https:\/\/detmolder-loeffelweise.de\/index.php\/wp-json\/wp\/v2\/users\/9"}],"replies":[{"embeddable":true,"href":"https:\/\/detmolder-loeffelweise.de\/index.php\/wp-json\/wp\/v2\/comments?post=410"}],"version-history":[{"count":7,"href":"https:\/\/detmolder-loeffelweise.de\/index.php\/wp-json\/wp\/v2\/pages\/410\/revisions"}],"predecessor-version":[{"id":3167,"href":"https:\/\/detmolder-loeffelweise.de\/index.php\/wp-json\/wp\/v2\/pages\/410\/revisions\/3167"}],"wp:attachment":[{"href":"https:\/\/detmolder-loeffelweise.de\/index.php\/wp-json\/wp\/v2\/media?parent=410"}],"curies":[{"name":"wp","href":"https:\/\/api.w.org\/{rel}","templated":true}]}}